{"id":8,"date":"2013-03-11T20:41:00","date_gmt":"2013-03-11T19:41:00","guid":{"rendered":"http:\/\/cox.pl84fun.eu\/?page_id=8"},"modified":"2013-09-12T18:45:56","modified_gmt":"2013-09-12T17:45:56","slug":"temps-passe-sur-la-1303","status":"publish","type":"page","link":"https:\/\/cox.pl84fun.eu\/?page_id=8","title":{"rendered":"Temps pass\u00e9 sur la 1303S et 1303L"},"content":{"rendered":"<p><em><strong>Temps pass\u00e9 sur la 1303S<\/strong><\/em><\/p>\n<p>Jeudi 12 septembre 2013<\/p>\n<ul>\n<li>10h30-11h &amp; 13h-14h &amp; 15h-18h<\/li>\n<\/ul>\n<p>Mercredi 11 septembre 2013<\/p>\n<ul>\n<li>10h45-12h15 &amp; 13h-18h<\/li>\n<\/ul>\n<p>Lundi 09 septembre 2013<\/p>\n<ul>\n<li>9h15-12h15 &amp; 13h15-15h<\/li>\n<\/ul>\n<p>Samedi 07 septembre 2013<\/p>\n<ul>\n<li>11h-12h30 &amp; 13h15-16h<\/li>\n<\/ul>\n<p>Vendredi 06 septembre 2013<\/p>\n<ul>\n<li>10h-12h &amp; 13h-19h<\/li>\n<\/ul>\n<p>Jeudi 05 septembre 2013<\/p>\n<ul>\n<li>9h45-12h30 &amp; 13h-19h<\/li>\n<\/ul>\n<p>Mercredi 04 septembre 2013<\/p>\n<ul>\n<li>10h-12h30 &amp; 13h15-20h<\/li>\n<\/ul>\n<p>Mardi 03 septembre 2013<\/p>\n<ul>\n<li>9h30-12h30 &amp; 13h30-15h30 &amp; 17h-17h45 &amp; 18h-20h<\/li>\n<\/ul>\n<p>Lundi 02 septembre 2013<\/p>\n<ul>\n<li>11h-12h30 &amp; 13h30-19h<\/li>\n<\/ul>\n<p>Dimanche 01 septembre 2013<\/p>\n<ul>\n<li>10h30-12h &amp; 13h-19h<\/li>\n<\/ul>\n<p>Samedi 31 ao\u00fbt 2013<\/p>\n<ul>\n<li>13h-18h<\/li>\n<\/ul>\n<p>Vendredi 30 ao\u00fbt 2013<\/p>\n<ul>\n<li>10h-10h30 &amp; 13h30-17h30<\/li>\n<\/ul>\n<p>Jeudi 29 ao\u00fbt 2013<\/p>\n<ul>\n<li>10h-12h30 &amp; 13h-15h<\/li>\n<\/ul>\n<p>Mercredi 28 ao\u00fbt 2013<\/p>\n<ul>\n<li>10h-12h &amp; 13h-16h<\/li>\n<\/ul>\n<p>Jeudi 22 ao\u00fbt 2013<\/p>\n<ul>\n<li>10h-10h15 &amp; 13h30-19h<\/li>\n<\/ul>\n<p>Mercredi 21 ao\u00fbt 2013<\/p>\n<ul>\n<li>10h-11h &amp; 13h-14h<\/li>\n<\/ul>\n<p>Mardi 20 ao\u00fbt 2013<\/p>\n<ul>\n<li>9h-12h45 &amp; 13h45-18h15<\/li>\n<\/ul>\n<p>Vendredi 16 ao\u00fbt 2013<\/p>\n<ul>\n<li>14h-15h<\/li>\n<\/ul>\n<p>Jeudi 15 ao\u00fbt 2013<\/p>\n<ul>\n<li>10h-12h &amp; 13h-15h<\/li>\n<\/ul>\n<p>Mercredi 14 ao\u00fbt 2013<\/p>\n<ul>\n<li>10h-12h &amp; 13h-17h<\/li>\n<\/ul>\n<p>Dimanche 11 ao\u00fbt 2013<\/p>\n<ul>\n<li>10h30-12h &amp; 13h30-17h<\/li>\n<\/ul>\n<p>Mardi 06 ao\u00fbt 2013<\/p>\n<ul>\n<li>11h-12h &amp; 13h-15h<\/li>\n<\/ul>\n<p>Samedi 03 ao\u00fbt 2013<\/p>\n<ul>\n<li>10h-11h &amp; 13h-18h<\/li>\n<\/ul>\n<p>Vendredi 02 ao\u00fbt 2013<\/p>\n<ul>\n<li>13h30-18h<\/li>\n<\/ul>\n<p>Jeudi 01 ao\u00fbt 2013<\/p>\n<ul>\n<li>10h-11h30 &amp; 13h-18h<\/li>\n<\/ul>\n<p>Mercredi 31 juillet 2013<\/p>\n<ul>\n<li>13h-18h30<\/li>\n<\/ul>\n<p>Mardi 30 juillet 2013<\/p>\n<ul>\n<li>Changement de propri\u00e9taire\u00a0(titulaire\u00a0carte grise &#8211;&gt; vendeur) et donc obtention du num\u00e9ro SIV<\/li>\n<\/ul>\n<p>Samedi 27 juillet 2013<\/p>\n<ul>\n<li>Passage du Contr\u00f4le Technique dans le but d&rsquo;\u00eatre refus\u00e9 mais afin de faire les papiers<\/li>\n<\/ul>\n<p>Vendredi 26 juillet 2013<\/p>\n<ul>\n<li>13h-15h<\/li>\n<\/ul>\n<p>Jeudi 25 juillet 2013<\/p>\n<ul>\n<li>10h-12h &amp; 13h-15h<\/li>\n<\/ul>\n<p>Mercredi 24 juillet 2013<\/p>\n<ul>\n<li>10h-12h &amp; 13h-16h<\/li>\n<\/ul>\n<p>Mardi 23 juillet 2013<\/p>\n<ul>\n<li>10h-12h &amp; 13h-15h<\/li>\n<\/ul>\n<p>Lundi 22 juillet 2013<\/p>\n<ul>\n<li>9h-12h &amp; 13h-16h<\/li>\n<\/ul>\n<p>Dimanche 21 juillet 2013<\/p>\n<ul>\n<li>9h-12h &amp; 13h-18h<\/li>\n<\/ul>\n<p>Samedi 20 juillet 2013<\/p>\n<ul>\n<li>9h-12h &amp; 13h-18h<\/li>\n<\/ul>\n<p>Vendredi 19 juillet 2013<\/p>\n<ul>\n<li>10h-12h &amp; 13h-18h<\/li>\n<\/ul>\n<p>Jeudi 18 juillet 2013<\/p>\n<ul>\n<li>10h-12h &amp; 13h-18h<\/li>\n<\/ul>\n<p>Mercredi 17 juillet 2013<\/p>\n<ul>\n<li>10h-12h &amp; 13h-18h<\/li>\n<\/ul>\n<p>Mardi 16 juillet 2013<\/p>\n<ul>\n<li>10h-12h &amp; 13h-19h<\/li>\n<\/ul>\n<p>Lundi 15 juillet 2013<\/p>\n<ul>\n<li>13h-18h<\/li>\n<\/ul>\n<p>Dimanche 14 juillet 2013<\/p>\n<ul>\n<li>14h-18h<\/li>\n<\/ul>\n<p>Samedi 13 juillet 2013<\/p>\n<ul>\n<li>10h-12h &amp; 13h-18h<\/li>\n<\/ul>\n<p>Jeudi 11 juillet 2013<\/p>\n<ul>\n<li>10h-12h &amp; 13h-19h<\/li>\n<\/ul>\n<p>Mercredi 10 juillet 2013<\/p>\n<ul>\n<li>10h-12h &amp; 13h-18h<\/li>\n<\/ul>\n<p>Mardi 09 juillet 2013<\/p>\n<ul>\n<li>10h-12h &amp; 13h-19h<\/li>\n<\/ul>\n<p>Lundi 08 juillet 2013<\/p>\n<ul>\n<li>14h-19h<\/li>\n<\/ul>\n<p>Dimanche 07 juillet 2013<\/p>\n<ul>\n<li>10h-12h &amp; 13h-19h<\/li>\n<\/ul>\n<p>Samedi 06 juillet 2013<\/p>\n<ul>\n<li>10h-12h &amp; 13h-19h<\/li>\n<\/ul>\n<p>Dimanche 30 juin 2013<\/p>\n<ul>\n<li>10h30-12h30 &amp; 13h-19h<\/li>\n<\/ul>\n<p>Samedi 29 juin 2013<\/p>\n<ul>\n<li>R\u00e9cup\u00e9ration du gaz et montage du Monogys 160-2S<\/li>\n<\/ul>\n<p>Samedi 22 juin 2013<\/p>\n<ul>\n<li>10h-12h &amp; 13h-14h &amp; 16h-18h<\/li>\n<\/ul>\n<p>Vendredi 21 juin 2013<\/p>\n<ul>\n<li>11h-12h &amp; 13h-19h<\/li>\n<\/ul>\n<p>Mercredi 19 juin 2013<\/p>\n<ul>\n<li>10h-12h &amp; 13h-18h<\/li>\n<\/ul>\n<p>Mardi 18 juin 2013<\/p>\n<ul>\n<li>10h-12h &amp; 13h-17h<\/li>\n<\/ul>\n<p>Lundi 17 juin 2013<\/p>\n<ul>\n<li>10h-12h &amp; 13h-16h<\/li>\n<\/ul>\n<p>Dimanche 16 juin 2013<\/p>\n<ul>\n<li>10h-12h &amp; 13h-19h<\/li>\n<\/ul>\n<p>Samedi 15 juin 2013<\/p>\n<ul>\n<li>10h-12h &amp; 13h-19h<\/li>\n<\/ul>\n<p>Dimanche 09 juin 2013<\/p>\n<ul>\n<li>10h-13h &amp; 14h-18h30<\/li>\n<\/ul>\n<p>Mardi 04 juin 2013<\/p>\n<ul>\n<li>17h-19h<\/li>\n<\/ul>\n<p>Lundi 03 juin 2013<\/p>\n<ul>\n<li>17h30-19h<\/li>\n<\/ul>\n<p>Dimanche 02 juin 2013<\/p>\n<ul>\n<li>10h-13h &amp; 14h-18h<\/li>\n<\/ul>\n<p>Dimanche 26 mai 2013<\/p>\n<ul>\n<li>11h-12h &amp; 13h-18h<\/li>\n<\/ul>\n<p>Samedi 25 mai 2013<\/p>\n<ul>\n<li>10h-12h &amp; 13h-19h<\/li>\n<\/ul>\n<p>Vendredi 24 mai 2013<\/p>\n<ul>\n<li>17h15-19h<\/li>\n<\/ul>\n<p>Jeudi 23 mai 2013<\/p>\n<ul>\n<li>17h15-19h15<\/li>\n<\/ul>\n<p>Mercredi 22 mai 2013<\/p>\n<ul>\n<li>17h15-19h15<\/li>\n<\/ul>\n<p>Mardi 21 mai 2013<\/p>\n<ul>\n<li>17h-19h<\/li>\n<\/ul>\n<p>Lundi 20 mai 2013<\/p>\n<ul>\n<li>10h-13h &amp; 14h-17h<\/li>\n<\/ul>\n<p>Dimanche 19 mai 2013<\/p>\n<ul>\n<li>10h-13h &amp; 14h-18h<\/li>\n<\/ul>\n<p>Samedi 18 mai 2013<\/p>\n<ul>\n<li>10h-13h &amp; 14h-19h<\/li>\n<\/ul>\n<p>Mercredi 15 mai 2013<\/p>\n<ul>\n<li>17h-18h<\/li>\n<\/ul>\n<p>Mardi 14 mai 2013<\/p>\n<ul>\n<li>17h-18h<\/li>\n<\/ul>\n<p>Lundi 13 mai 2013<\/p>\n<ul>\n<li>17h-18h30<\/li>\n<\/ul>\n<p>Dimanche 12 mai 2013<\/p>\n<ul>\n<li>10h-12h30 &amp; 13h30-19h<\/li>\n<\/ul>\n<p>Samedi 11 mai 2013<\/p>\n<ul>\n<li>14h30-18h<\/li>\n<\/ul>\n<p>Vendredi 10 mai 2013<\/p>\n<ul>\n<li>10h-13h30<\/li>\n<\/ul>\n<p>Jeudi 09 mai 2013<\/p>\n<ul>\n<li>10h30-12h30 &amp; 13h30-18h<\/li>\n<\/ul>\n<p>Mercredi 08 mai 2013<\/p>\n<ul>\n<li>13h-18h<\/li>\n<\/ul>\n<p>Lundi 06 mai 2013<\/p>\n<ul>\n<li>11h30-13h30<\/li>\n<\/ul>\n<p>Dimanche 05 mai 2013<\/p>\n<ul>\n<li>10h-11h<\/li>\n<\/ul>\n<p>Samedi 04 mai 2013<\/p>\n<ul>\n<li>11h-12h<\/li>\n<\/ul>\n<p>Vendredi 03 mai 2013<\/p>\n<ul>\n<li>17h-18h30<\/li>\n<\/ul>\n<p>Jeudi 02 mai 2013<\/p>\n<ul>\n<li>17h-18h<\/li>\n<\/ul>\n<p>Mercredi\u00a001 mai 2013<\/p>\n<ul>\n<li>10h15-12h15 &amp; 13h-18h30<\/li>\n<\/ul>\n<p>Dimanche 28 avril 2013<\/p>\n<ul>\n<li>10h15-12h15 &amp; 13h-18h<\/li>\n<\/ul>\n<p>Samedi 27 avril 2013<\/p>\n<ul>\n<li>12h15-13h15 &amp; 14h-18h30<\/li>\n<\/ul>\n<p>Jeudi 25 avril 2013<\/p>\n<ul>\n<li>16h45-18h45<\/li>\n<\/ul>\n<p>Dimanche 21 avril 2013<\/p>\n<ul>\n<li>Achat d&rsquo;un int\u00e9rieur complet<\/li>\n<\/ul>\n<p>Samedi 20 avril 2013<\/p>\n<ul>\n<li>R\u00e9cup\u00e9ration des 4 jantes Modular et de quelques capots<\/li>\n<\/ul>\n<p>Dimanche 14 avril 2013<\/p>\n<ul>\n<li>10h-12h &amp; 13&amp; 18h<\/li>\n<\/ul>\n<p>Samedi 13 avril 2013<\/p>\n<ul>\n<li>Achat de la 1303S<\/li>\n<\/ul>\n<p><em><strong>Temps pass\u00e9 sur la 1303L<\/strong><\/em><\/p>\n<p>Samedi 06 avril 2013<\/p>\n<ul>\n<li>11h-13h &amp; 14h-18h<\/li>\n<\/ul>\n<p>Lundi 01 avril 2013<\/p>\n<ul>\n<li>10h-12h &amp; 13h-18h &amp; 19h-20h<\/li>\n<\/ul>\n<p>Dimanche 31 mars 2013<\/p>\n<ul>\n<li>10h30-12h &amp; 13h-18h30<\/li>\n<\/ul>\n<p>Samedi 30 mars 2013<\/p>\n<ul>\n<li>10h30-12h30 &amp; 13h-18h<\/li>\n<\/ul>\n<p>Vendredi 29 mars 2013<\/p>\n<ul>\n<li>10h-12h &amp; 13h-18h<\/li>\n<\/ul>\n<p>Dimanche 24 mars 2013<\/p>\n<ul>\n<li>10h-12h &amp; 13h-18h<\/li>\n<\/ul>\n<p>Samedi 23 mars 2013<\/p>\n<ul>\n<li>14h-18h<\/li>\n<\/ul>\n<p>Mardi 12 mars 2013<\/p>\n<ul>\n<li>11h-12h &amp; 13h-18h30<\/li>\n<\/ul>\n<p>Dimanche 10 mars 2013<\/p>\n<ul>\n<li>10h-12h &amp; 13h-18h30<\/li>\n<\/ul>\n<p>Samedi 9 mars 2013<\/p>\n<ul>\n<li>10h-12h &amp; 13h-19h<\/li>\n<\/ul>\n<p>Dimanche 3 mars 2013<\/p>\n<ul>\n<li>10h-12h &amp; 13h-19h<\/li>\n<\/ul>\n<p>Samedi 2 mars 2013<\/p>\n<ul>\n<li>10h-12h &amp; 13h-19h<\/li>\n<\/ul>\n<p>ul<\/p>\n<p>ul\/ul<\/p>\n<p>ulli\/ul<\/p>\n<p>Jeudi 02 mai 2013<\/p>\n<p>\/pul<\/p>\n","protected":false},"excerpt":{"rendered":"<p>Temps pass\u00e9 sur la 1303S Jeudi 12 septembre 2013 10h30-11h &amp; 13h-14h &amp; 15h-18h Mercredi 11 septembre 2013 10h45-12h15 &amp; 13h-18h Lundi 09 septembre 2013 9h15-12h15 &amp; 13h15-15h Samedi 07 septembre 2013 11h-12h30 &amp; 13h15-16h Vendredi 06 septembre 2013 10h-12h &amp; 13h-19h Jeudi 05 septembre 2013 9h45-12h30 &amp; 13h-19h Mercredi \u2026 <a class=\"continue-reading-link\" href=\"https:\/\/cox.pl84fun.eu\/?page_id=8\"> Continue reading <span class=\"meta-nav\">&rarr; <\/span><\/a><\/p>\n","protected":false},"author":1,"featured_media":0,"parent":0,"menu_order":9,"comment_status":"closed","ping_status":"closed","template":"","meta":{"footnotes":""},"class_list":["post-8","page","type-page","status-publish","hentry"],"yoast_head":"<!-- This site is optimized with the Yoast SEO plugin v24.1 - https:\/\/yoast.com\/wordpress\/plugins\/seo\/ -->\n<title>Temps pass\u00e9 sur la 1303S et 1303L - Cox 4 fun<\/title>\n<meta name=\"robots\" content=\"noindex, follow, max-snippet:-1, max-image-preview:large, max-video-preview:-1\" \/>\n<meta property=\"og:locale\" content=\"fr_FR\" \/>\n<meta property=\"og:type\" content=\"article\" \/>\n<meta property=\"og:title\" content=\"Temps pass\u00e9 sur la 1303S et 1303L - Cox 4 fun\" \/>\n<meta property=\"og:description\" content=\"Temps pass\u00e9 sur la 1303S Jeudi 12 septembre 2013 10h30-11h &amp; 13h-14h &amp; 15h-18h Mercredi 11 septembre 2013 10h45-12h15 &amp; 13h-18h Lundi 09 septembre 2013 9h15-12h15 &amp; 13h15-15h Samedi 07 septembre 2013 11h-12h30 &amp; 13h15-16h Vendredi 06 septembre 2013 10h-12h &amp; 13h-19h Jeudi 05 septembre 2013 9h45-12h30 &amp; 13h-19h Mercredi \u2026 Continue reading &rarr;\" \/>\n<meta property=\"og:url\" content=\"https:\/\/cox.pl84fun.eu\/?page_id=8\" \/>\n<meta property=\"og:site_name\" content=\"Cox 4 fun\" \/>\n<meta property=\"article:modified_time\" content=\"2013-09-12T17:45:56+00:00\" \/>\n<meta name=\"twitter:card\" content=\"summary_large_image\" \/>\n<meta name=\"twitter:label1\" content=\"Dur\u00e9e de lecture estim\u00e9e\" \/>\n\t<meta name=\"twitter:data1\" content=\"4 minutes\" \/>\n<script type=\"application\/ld+json\" class=\"yoast-schema-graph\">{\"@context\":\"https:\/\/schema.org\",\"@graph\":[{\"@type\":\"WebPage\",\"@id\":\"https:\/\/cox.pl84fun.eu\/?page_id=8\",\"url\":\"https:\/\/cox.pl84fun.eu\/?page_id=8\",\"name\":\"Temps pass\u00e9 sur la 1303S et 1303L - Cox 4 fun\",\"isPartOf\":{\"@id\":\"https:\/\/cox.pl84fun.eu\/#website\"},\"datePublished\":\"2013-03-11T19:41:00+00:00\",\"dateModified\":\"2013-09-12T17:45:56+00:00\",\"breadcrumb\":{\"@id\":\"https:\/\/cox.pl84fun.eu\/?page_id=8#breadcrumb\"},\"inLanguage\":\"fr-FR\",\"potentialAction\":[{\"@type\":\"ReadAction\",\"target\":[\"https:\/\/cox.pl84fun.eu\/?page_id=8\"]}]},{\"@type\":\"BreadcrumbList\",\"@id\":\"https:\/\/cox.pl84fun.eu\/?page_id=8#breadcrumb\",\"itemListElement\":[{\"@type\":\"ListItem\",\"position\":1,\"name\":\"Accueil\",\"item\":\"https:\/\/cox.pl84fun.eu\/\"},{\"@type\":\"ListItem\",\"position\":2,\"name\":\"Temps pass\u00e9 sur la 1303S et 1303L\"}]},{\"@type\":\"WebSite\",\"@id\":\"https:\/\/cox.pl84fun.eu\/#website\",\"url\":\"https:\/\/cox.pl84fun.eu\/\",\"name\":\"Cox 4 fun\",\"description\":\"Un amour pour les cox depuis que j&#039;ai vu Choupette et son c\u00e9l\u00e8bre n\u00b053.\",\"potentialAction\":[{\"@type\":\"SearchAction\",\"target\":{\"@type\":\"EntryPoint\",\"urlTemplate\":\"https:\/\/cox.pl84fun.eu\/?s={search_term_string}\"},\"query-input\":{\"@type\":\"PropertyValueSpecification\",\"valueRequired\":true,\"valueName\":\"search_term_string\"}}],\"inLanguage\":\"fr-FR\"}]}<\/script>\n<!-- \/ Yoast SEO plugin. -->","yoast_head_json":{"title":"Temps pass\u00e9 sur la 1303S et 1303L - Cox 4 fun","robots":{"index":"noindex","follow":"follow","max-snippet":"max-snippet:-1","max-image-preview":"max-image-preview:large","max-video-preview":"max-video-preview:-1"},"og_locale":"fr_FR","og_type":"article","og_title":"Temps pass\u00e9 sur la 1303S et 1303L - Cox 4 fun","og_description":"Temps pass\u00e9 sur la 1303S Jeudi 12 septembre 2013 10h30-11h &amp; 13h-14h &amp; 15h-18h Mercredi 11 septembre 2013 10h45-12h15 &amp; 13h-18h Lundi 09 septembre 2013 9h15-12h15 &amp; 13h15-15h Samedi 07 septembre 2013 11h-12h30 &amp; 13h15-16h Vendredi 06 septembre 2013 10h-12h &amp; 13h-19h Jeudi 05 septembre 2013 9h45-12h30 &amp; 13h-19h Mercredi \u2026 Continue reading &rarr;","og_url":"https:\/\/cox.pl84fun.eu\/?page_id=8","og_site_name":"Cox 4 fun","article_modified_time":"2013-09-12T17:45:56+00:00","twitter_card":"summary_large_image","twitter_misc":{"Dur\u00e9e de lecture estim\u00e9e":"4 minutes"},"schema":{"@context":"https:\/\/schema.org","@graph":[{"@type":"WebPage","@id":"https:\/\/cox.pl84fun.eu\/?page_id=8","url":"https:\/\/cox.pl84fun.eu\/?page_id=8","name":"Temps pass\u00e9 sur la 1303S et 1303L - Cox 4 fun","isPartOf":{"@id":"https:\/\/cox.pl84fun.eu\/#website"},"datePublished":"2013-03-11T19:41:00+00:00","dateModified":"2013-09-12T17:45:56+00:00","breadcrumb":{"@id":"https:\/\/cox.pl84fun.eu\/?page_id=8#breadcrumb"},"inLanguage":"fr-FR","potentialAction":[{"@type":"ReadAction","target":["https:\/\/cox.pl84fun.eu\/?page_id=8"]}]},{"@type":"BreadcrumbList","@id":"https:\/\/cox.pl84fun.eu\/?page_id=8#breadcrumb","itemListElement":[{"@type":"ListItem","position":1,"name":"Accueil","item":"https:\/\/cox.pl84fun.eu\/"},{"@type":"ListItem","position":2,"name":"Temps pass\u00e9 sur la 1303S et 1303L"}]},{"@type":"WebSite","@id":"https:\/\/cox.pl84fun.eu\/#website","url":"https:\/\/cox.pl84fun.eu\/","name":"Cox 4 fun","description":"Un amour pour les cox depuis que j&#039;ai vu Choupette et son c\u00e9l\u00e8bre n\u00b053.","potentialAction":[{"@type":"SearchAction","target":{"@type":"EntryPoint","urlTemplate":"https:\/\/cox.pl84fun.eu\/?s={search_term_string}"},"query-input":{"@type":"PropertyValueSpecification","valueRequired":true,"valueName":"search_term_string"}}],"inLanguage":"fr-FR"}]}},"_links":{"self":[{"href":"https:\/\/cox.pl84fun.eu\/index.php?rest_route=\/wp\/v2\/pages\/8","targetHints":{"allow":["GET"]}}],"collection":[{"href":"https:\/\/cox.pl84fun.eu\/index.php?rest_route=\/wp\/v2\/pages"}],"about":[{"href":"https:\/\/cox.pl84fun.eu\/index.php?rest_route=\/wp\/v2\/types\/page"}],"author":[{"embeddable":true,"href":"https:\/\/cox.pl84fun.eu\/index.php?rest_route=\/wp\/v2\/users\/1"}],"replies":[{"embeddable":true,"href":"https:\/\/cox.pl84fun.eu\/index.php?rest_route=%2Fwp%2Fv2%2Fcomments&post=8"}],"version-history":[{"count":0,"href":"https:\/\/cox.pl84fun.eu\/index.php?rest_route=\/wp\/v2\/pages\/8\/revisions"}],"wp:attachment":[{"href":"https:\/\/cox.pl84fun.eu\/index.php?rest_route=%2Fwp%2Fv2%2Fmedia&parent=8"}],"curies":[{"name":"wp","href":"https:\/\/api.w.org\/{rel}","templated":true}]}}