{"id":271,"date":"2013-06-12T18:02:41","date_gmt":"2013-06-12T17:02:41","guid":{"rendered":"http:\/\/cox.pl84fun.eu\/?page_id=271"},"modified":"2013-07-15T19:42:59","modified_gmt":"2013-07-15T18:42:59","slug":"preparation-du-chassis-pour-laccueil-des-supports-de-sieges","status":"publish","type":"page","link":"https:\/\/cox.pl84fun.eu\/?page_id=271","title":{"rendered":"Pr\u00e9paration du chassis pour l&rsquo;accueil des supports de si\u00e8ges"},"content":{"rendered":"<p>Il est temps de pr\u00e9parer le chassis afin de pouvoir y souder les supports de si\u00e8ges.<\/p>\n<div class=\"flagallery phantom_skin\" id=\"FlaGallery_sc1_27\" ><style type=\"text\/css\" class=\"flagallery_skin_style_import\">#FlaGallery_sc1_27 .flagPhantom_ThumbContainer {width:200px; height:180px;}#FlaGallery_sc1_27 .flagPhantom_MobileView .flagPhantom_ThumbContainer {width:150px; height:135px;}#FlaGallery_sc1_27 .flagPhantom_Container {margin-left:auto;margin-right:auto;}#FlaGallery_sc1_27 .flagPhantom_ThumbContainer {margin:8px 0 0 8px;}#FlaGallery_sc1_27 .flagPhantom_ThumbContainer {padding:2px;}#FlaGallery_sc1_27 .flagPhantom_LabelBottom .flagPhantom_ThumbContainer {padding-bottom:36px;}#FlaGallery_sc1_27 .flagPhantom_ThumbContainer,#FlaGallery_sc1_27 .flagPhantom_LabelBottom .flagPhantom_ThumbLabel {background-color:#ffffff;}#FlaGallery_sc1_27 .flagPhantom_ThumbContainer .flagPhantom_Thumb {opacity:0.9;}#FlaGallery_sc1_27 .flagPhantom_ThumbContainer:hover .flagPhantom_Thumb {opacity:1;}#FlaGallery_sc1_27 .flagPhantom_ThumbContainer {border:1px solid #cccccc;}#FlaGallery_sc1_27 .flagPhantom_ThumbContainer {box-shadow:0 0 5px -2px #cccccc;}#FlaGallery_sc1_27 .flagPhantom_ThumbLabel {color:#0b0b0b;}#FlaGallery_sc1_27 .flagPhantom_ThumbLabel a {color:#3695E7;}#FlaGallery_sc1_27 .flagPhantom_LabelInside .flagPhantom_ThumbLabel,#FlaGallery_sc1_27 .flagPhantom_LabelHover .flagPhantom_ThumbLabel {color:#ffffff;}#FlaGallery_sc1_27 .flagPhantom_LabelInside .flagPhantom_ThumbLabel a,#FlaGallery_sc1_27 .flagPhantom_LabelHover .flagPhantom_ThumbLabel a,#FlaGallery_sc1_27 .flagPhantom_LabelInside .flagPhantom_ThumbLabel a:hover,#FlaGallery_sc1_27 .flagPhantom_LabelHover .flagPhantom_ThumbLabel a:hover {color:#e7e179;}<\/style> <div class=\"flagPhantom_Container noLightbox\" style=\"opacity:0\"> <h3>Pr\u00e9paration du chassis pour l&#039;accueil des supports de si\u00e8ges<\/h3> <div class=\"flagPhantom_thumbsWrapper flagPhantom_ThumbScale flagPhantom_LabelHover\"> <\/div> <\/div> <script type=\"text\/javascript\"> jQuery(function(){ var settings = {\"maxheight\":\"0\",\"thumbCols\":\"0\",\"thumbRows\":\"0\",\"thumbsNavigation\":\"scroll\",\"bgColor\":\"#ffffff\",\"bgAlpha\":\"0\",\"thumbWidth\":\"200\",\"thumbHeight\":\"180\",\"thumbWidthMobile\":\"150\",\"thumbHeightMobile\":\"135\",\"thumbsSpacing\":\"8\",\"thumbsVerticalPadding\":\"4\",\"thumbsHorizontalPadding\":\"4\",\"thumbsAlign\":\"center\",\"thumbScale\":\"1\",\"thumbBG\":\"#ffffff\",\"thumbAlpha\":\"90\",\"thumbAlphaHover\":\"100\",\"thumbBorderSize\":\"1\",\"thumbBorderColor\":\"#cccccc\",\"thumbPadding\":\"2\",\"thumbsInfo\":\"label\",\"labelOnHover\":\"1\",\"labelTextColor\":\"#ffffff\",\"labelLinkColor\":\"#e7e179\",\"label8TextColor\":\"#0b0b0b\",\"label8LinkColor\":\"#3695E7\",\"tooltipTextColor\":\"#0b0b0b\",\"tooltipBgColor\":\"#ffffff\",\"tooltipStrokeColor\":\"#000000\",\"lightboxControlsColor\":\"#ffffff\",\"lightboxTitleColor\":\"#f3f3f3\",\"lightboxTextColor\":\"#f3f3f3\",\"lightboxBGColor\":\"#0b0b0b\",\"lightboxBGAlpha\":\"80\",\"socialShareEnabled\":\"1\",\"deepLinks\":\"1\",\"sidebarBGColor\":\"#ffffff\",\"lightbox800HideArrows\":\"0\",\"viewsEnabled\":\"1\",\"likesEnabled\":\"1\",\"thumb2link\":\"0\",\"show_title\":\"1\",\"initRPdelay\":\"200\",\"key\":\"\",\"name\":\"\",\"mfp_css\":\"\\r\\n#mfp_gm_sc1_27 .mfp-arrow-right:after,\\r\\n#mfp_gm_sc1_27 .mfp-arrow-right .mfp-a {border-left-color:#ffffff;}\\r\\n#mfp_gm_sc1_27 .mfp-arrow-left:after,\\r\\n#mfp_gm_sc1_27 .mfp-arrow-left .mfp-a {border-right-color:#ffffff;}\\r\\n#mfp_gm_sc1_27 .mfp-close,\\r\\n#mfp_gm_sc1_27 .mfp-likes,\\r\\n#mfp_gm_sc1_27 .mfp-share {color:#ffffff;}\\r\\n#mfp_gm_sc1_27 .mfp-preloader {background-color:#ffffff;}\\r\\n#mfp_gm_sc1_27 .flagPhantom_title,\\r\\n#mfp_gm_sc1_27 .mfp-counter {color:#f3f3f3;}\\r\\n#mfp_gm_sc1_27 .flagPhantom_text {color:#f3f3f3;}\\r\\n#mfp_gm_sc1_27_bg.mfp-bg {background-color:#0b0b0b;}\\r\\n#mfp_gm_sc1_27_bg.mfp-bg {opacity:0.8;}\\r\\n#mfp_gm_sc1_27_bg.mfp-zoom-in.mfp-bg {opacity:0}\\r\\n#mfp_gm_sc1_27_bg.mfp-zoom-in.mfp-ready.mfp-bg {opacity:0.8;}\\r\\n#mfp_gm_sc1_27_bg.mfp-zoom-in.mfp-removing.mfp-bg {opacity:0}\"}; jQuery('#FlaGallery_sc1_27').flagPhantom([settings]); }); <\/script><\/div><noscript id=\"noscript_FlaGallery_sc1_27\"><\/noscript>\n<p>Suite \u00e0 l&rsquo;absence de traitement du chassis, celui-ci a rouill\u00e9 de plus belle. Donc re-traitement.<\/p>\n<div class=\"flagallery phantom_skin\" id=\"FlaGallery_sc2_33\" ><style type=\"text\/css\" class=\"flagallery_skin_style_import\">#FlaGallery_sc2_33 .flagPhantom_ThumbContainer {width:200px; height:180px;}#FlaGallery_sc2_33 .flagPhantom_MobileView .flagPhantom_ThumbContainer {width:150px; height:135px;}#FlaGallery_sc2_33 .flagPhantom_Container {margin-left:auto;margin-right:auto;}#FlaGallery_sc2_33 .flagPhantom_ThumbContainer {margin:8px 0 0 8px;}#FlaGallery_sc2_33 .flagPhantom_ThumbContainer {padding:2px;}#FlaGallery_sc2_33 .flagPhantom_LabelBottom .flagPhantom_ThumbContainer {padding-bottom:36px;}#FlaGallery_sc2_33 .flagPhantom_ThumbContainer,#FlaGallery_sc2_33 .flagPhantom_LabelBottom .flagPhantom_ThumbLabel {background-color:#ffffff;}#FlaGallery_sc2_33 .flagPhantom_ThumbContainer .flagPhantom_Thumb {opacity:0.9;}#FlaGallery_sc2_33 .flagPhantom_ThumbContainer:hover .flagPhantom_Thumb {opacity:1;}#FlaGallery_sc2_33 .flagPhantom_ThumbContainer {border:1px solid #cccccc;}#FlaGallery_sc2_33 .flagPhantom_ThumbContainer {box-shadow:0 0 5px -2px #cccccc;}#FlaGallery_sc2_33 .flagPhantom_ThumbLabel {color:#0b0b0b;}#FlaGallery_sc2_33 .flagPhantom_ThumbLabel a {color:#3695E7;}#FlaGallery_sc2_33 .flagPhantom_LabelInside .flagPhantom_ThumbLabel,#FlaGallery_sc2_33 .flagPhantom_LabelHover .flagPhantom_ThumbLabel {color:#ffffff;}#FlaGallery_sc2_33 .flagPhantom_LabelInside .flagPhantom_ThumbLabel a,#FlaGallery_sc2_33 .flagPhantom_LabelHover .flagPhantom_ThumbLabel a,#FlaGallery_sc2_33 .flagPhantom_LabelInside .flagPhantom_ThumbLabel a:hover,#FlaGallery_sc2_33 .flagPhantom_LabelHover .flagPhantom_ThumbLabel a:hover {color:#e7e179;}<\/style> <div class=\"flagPhantom_Container noLightbox\" style=\"opacity:0\"> <h3>Pr\u00e9paration du chassis pour l'accueil des supports de si\u00e8ges 2<\/h3> <div class=\"flagPhantom_thumbsWrapper flagPhantom_ThumbScale flagPhantom_LabelHover\"> <\/div> <\/div> <script type=\"text\/javascript\"> jQuery(function(){ var settings = {\"maxheight\":\"0\",\"thumbCols\":\"0\",\"thumbRows\":\"0\",\"thumbsNavigation\":\"scroll\",\"bgColor\":\"#ffffff\",\"bgAlpha\":\"0\",\"thumbWidth\":\"200\",\"thumbHeight\":\"180\",\"thumbWidthMobile\":\"150\",\"thumbHeightMobile\":\"135\",\"thumbsSpacing\":\"8\",\"thumbsVerticalPadding\":\"4\",\"thumbsHorizontalPadding\":\"4\",\"thumbsAlign\":\"center\",\"thumbScale\":\"1\",\"thumbBG\":\"#ffffff\",\"thumbAlpha\":\"90\",\"thumbAlphaHover\":\"100\",\"thumbBorderSize\":\"1\",\"thumbBorderColor\":\"#cccccc\",\"thumbPadding\":\"2\",\"thumbsInfo\":\"label\",\"labelOnHover\":\"1\",\"labelTextColor\":\"#ffffff\",\"labelLinkColor\":\"#e7e179\",\"label8TextColor\":\"#0b0b0b\",\"label8LinkColor\":\"#3695E7\",\"tooltipTextColor\":\"#0b0b0b\",\"tooltipBgColor\":\"#ffffff\",\"tooltipStrokeColor\":\"#000000\",\"lightboxControlsColor\":\"#ffffff\",\"lightboxTitleColor\":\"#f3f3f3\",\"lightboxTextColor\":\"#f3f3f3\",\"lightboxBGColor\":\"#0b0b0b\",\"lightboxBGAlpha\":\"80\",\"socialShareEnabled\":\"1\",\"deepLinks\":\"1\",\"sidebarBGColor\":\"#ffffff\",\"lightbox800HideArrows\":\"0\",\"viewsEnabled\":\"1\",\"likesEnabled\":\"1\",\"thumb2link\":\"0\",\"show_title\":\"1\",\"initRPdelay\":\"200\",\"key\":\"\",\"name\":\"\",\"mfp_css\":\"\\r\\n#mfp_gm_sc2_33 .mfp-arrow-right:after,\\r\\n#mfp_gm_sc2_33 .mfp-arrow-right .mfp-a {border-left-color:#ffffff;}\\r\\n#mfp_gm_sc2_33 .mfp-arrow-left:after,\\r\\n#mfp_gm_sc2_33 .mfp-arrow-left .mfp-a {border-right-color:#ffffff;}\\r\\n#mfp_gm_sc2_33 .mfp-close,\\r\\n#mfp_gm_sc2_33 .mfp-likes,\\r\\n#mfp_gm_sc2_33 .mfp-share {color:#ffffff;}\\r\\n#mfp_gm_sc2_33 .mfp-preloader {background-color:#ffffff;}\\r\\n#mfp_gm_sc2_33 .flagPhantom_title,\\r\\n#mfp_gm_sc2_33 .mfp-counter {color:#f3f3f3;}\\r\\n#mfp_gm_sc2_33 .flagPhantom_text {color:#f3f3f3;}\\r\\n#mfp_gm_sc2_33_bg.mfp-bg {background-color:#0b0b0b;}\\r\\n#mfp_gm_sc2_33_bg.mfp-bg {opacity:0.8;}\\r\\n#mfp_gm_sc2_33_bg.mfp-zoom-in.mfp-bg {opacity:0}\\r\\n#mfp_gm_sc2_33_bg.mfp-zoom-in.mfp-ready.mfp-bg {opacity:0.8;}\\r\\n#mfp_gm_sc2_33_bg.mfp-zoom-in.mfp-removing.mfp-bg {opacity:0}\"}; jQuery('#FlaGallery_sc2_33').flagPhantom([settings]); }); <\/script><\/div><noscript id=\"noscript_FlaGallery_sc2_33\"><\/noscript>\n<p>N&rsquo;ayant pas pu ass\u00e9cher correctement le chassis lors de sons d\u00e9rouillage, j&rsquo;ai pu tout recommencer le lendemain mais cette fois, je n&rsquo;ai pas attendu pour le peindre.<\/p>\n<div class=\"flagallery phantom_skin\" id=\"FlaGallery_sc3_34\" ><style type=\"text\/css\" class=\"flagallery_skin_style_import\">#FlaGallery_sc3_34 .flagPhantom_ThumbContainer {width:200px; height:180px;}#FlaGallery_sc3_34 .flagPhantom_MobileView .flagPhantom_ThumbContainer {width:150px; height:135px;}#FlaGallery_sc3_34 .flagPhantom_Container {margin-left:auto;margin-right:auto;}#FlaGallery_sc3_34 .flagPhantom_ThumbContainer {margin:8px 0 0 8px;}#FlaGallery_sc3_34 .flagPhantom_ThumbContainer {padding:2px;}#FlaGallery_sc3_34 .flagPhantom_LabelBottom .flagPhantom_ThumbContainer {padding-bottom:36px;}#FlaGallery_sc3_34 .flagPhantom_ThumbContainer,#FlaGallery_sc3_34 .flagPhantom_LabelBottom .flagPhantom_ThumbLabel {background-color:#ffffff;}#FlaGallery_sc3_34 .flagPhantom_ThumbContainer .flagPhantom_Thumb {opacity:0.9;}#FlaGallery_sc3_34 .flagPhantom_ThumbContainer:hover .flagPhantom_Thumb {opacity:1;}#FlaGallery_sc3_34 .flagPhantom_ThumbContainer {border:1px solid #cccccc;}#FlaGallery_sc3_34 .flagPhantom_ThumbContainer {box-shadow:0 0 5px -2px #cccccc;}#FlaGallery_sc3_34 .flagPhantom_ThumbLabel {color:#0b0b0b;}#FlaGallery_sc3_34 .flagPhantom_ThumbLabel a {color:#3695E7;}#FlaGallery_sc3_34 .flagPhantom_LabelInside .flagPhantom_ThumbLabel,#FlaGallery_sc3_34 .flagPhantom_LabelHover .flagPhantom_ThumbLabel {color:#ffffff;}#FlaGallery_sc3_34 .flagPhantom_LabelInside .flagPhantom_ThumbLabel a,#FlaGallery_sc3_34 .flagPhantom_LabelHover .flagPhantom_ThumbLabel a,#FlaGallery_sc3_34 .flagPhantom_LabelInside .flagPhantom_ThumbLabel a:hover,#FlaGallery_sc3_34 .flagPhantom_LabelHover .flagPhantom_ThumbLabel a:hover {color:#e7e179;}<\/style> <div class=\"flagPhantom_Container noLightbox\" style=\"opacity:0\"> <h3>Pr\u00e9paration du chassis pour l'accueil des supports de si\u00e8ges 3<\/h3> <div class=\"flagPhantom_thumbsWrapper flagPhantom_ThumbScale flagPhantom_LabelHover\"> <\/div> <\/div> <script type=\"text\/javascript\"> jQuery(function(){ var settings = {\"maxheight\":\"0\",\"thumbCols\":\"0\",\"thumbRows\":\"0\",\"thumbsNavigation\":\"scroll\",\"bgColor\":\"#ffffff\",\"bgAlpha\":\"0\",\"thumbWidth\":\"200\",\"thumbHeight\":\"180\",\"thumbWidthMobile\":\"150\",\"thumbHeightMobile\":\"135\",\"thumbsSpacing\":\"8\",\"thumbsVerticalPadding\":\"4\",\"thumbsHorizontalPadding\":\"4\",\"thumbsAlign\":\"center\",\"thumbScale\":\"1\",\"thumbBG\":\"#ffffff\",\"thumbAlpha\":\"90\",\"thumbAlphaHover\":\"100\",\"thumbBorderSize\":\"1\",\"thumbBorderColor\":\"#cccccc\",\"thumbPadding\":\"2\",\"thumbsInfo\":\"label\",\"labelOnHover\":\"1\",\"labelTextColor\":\"#ffffff\",\"labelLinkColor\":\"#e7e179\",\"label8TextColor\":\"#0b0b0b\",\"label8LinkColor\":\"#3695E7\",\"tooltipTextColor\":\"#0b0b0b\",\"tooltipBgColor\":\"#ffffff\",\"tooltipStrokeColor\":\"#000000\",\"lightboxControlsColor\":\"#ffffff\",\"lightboxTitleColor\":\"#f3f3f3\",\"lightboxTextColor\":\"#f3f3f3\",\"lightboxBGColor\":\"#0b0b0b\",\"lightboxBGAlpha\":\"80\",\"socialShareEnabled\":\"1\",\"deepLinks\":\"1\",\"sidebarBGColor\":\"#ffffff\",\"lightbox800HideArrows\":\"0\",\"viewsEnabled\":\"1\",\"likesEnabled\":\"1\",\"thumb2link\":\"0\",\"show_title\":\"1\",\"initRPdelay\":\"200\",\"key\":\"\",\"name\":\"\",\"mfp_css\":\"\\r\\n#mfp_gm_sc3_34 .mfp-arrow-right:after,\\r\\n#mfp_gm_sc3_34 .mfp-arrow-right .mfp-a {border-left-color:#ffffff;}\\r\\n#mfp_gm_sc3_34 .mfp-arrow-left:after,\\r\\n#mfp_gm_sc3_34 .mfp-arrow-left .mfp-a {border-right-color:#ffffff;}\\r\\n#mfp_gm_sc3_34 .mfp-close,\\r\\n#mfp_gm_sc3_34 .mfp-likes,\\r\\n#mfp_gm_sc3_34 .mfp-share {color:#ffffff;}\\r\\n#mfp_gm_sc3_34 .mfp-preloader {background-color:#ffffff;}\\r\\n#mfp_gm_sc3_34 .flagPhantom_title,\\r\\n#mfp_gm_sc3_34 .mfp-counter {color:#f3f3f3;}\\r\\n#mfp_gm_sc3_34 .flagPhantom_text {color:#f3f3f3;}\\r\\n#mfp_gm_sc3_34_bg.mfp-bg {background-color:#0b0b0b;}\\r\\n#mfp_gm_sc3_34_bg.mfp-bg {opacity:0.8;}\\r\\n#mfp_gm_sc3_34_bg.mfp-zoom-in.mfp-bg {opacity:0}\\r\\n#mfp_gm_sc3_34_bg.mfp-zoom-in.mfp-ready.mfp-bg {opacity:0.8;}\\r\\n#mfp_gm_sc3_34_bg.mfp-zoom-in.mfp-removing.mfp-bg {opacity:0}\"}; jQuery('#FlaGallery_sc3_34').flagPhantom([settings]); }); <\/script><\/div><noscript id=\"noscript_FlaGallery_sc3_34\"><\/noscript>\n","protected":false},"excerpt":{"rendered":"<p>Il est temps de pr\u00e9parer le chassis afin de pouvoir y souder les supports de si\u00e8ges. Suite \u00e0 l&rsquo;absence de traitement du chassis, celui-ci a rouill\u00e9 de plus belle. Donc re-traitement. N&rsquo;ayant pas pu ass\u00e9cher correctement le chassis lors de sons d\u00e9rouillage, j&rsquo;ai pu tout recommencer le lendemain mais cette \u2026 <a class=\"continue-reading-link\" href=\"https:\/\/cox.pl84fun.eu\/?page_id=271\"> Continue reading <span class=\"meta-nav\">&rarr; <\/span><\/a><\/p>\n","protected":false},"author":1,"featured_media":0,"parent":145,"menu_order":14,"comment_status":"closed","ping_status":"closed","template":"","meta":{"footnotes":""},"class_list":["post-271","page","type-page","status-publish","hentry"],"yoast_head":"<!-- This site is optimized with the Yoast SEO plugin v24.1 - https:\/\/yoast.com\/wordpress\/plugins\/seo\/ -->\n<title>Pr\u00e9paration du chassis pour l&#039;accueil des supports de si\u00e8ges - Cox 4 fun<\/title>\n<meta name=\"robots\" content=\"noindex, follow, max-snippet:-1, max-image-preview:large, max-video-preview:-1\" \/>\n<meta property=\"og:locale\" content=\"fr_FR\" \/>\n<meta property=\"og:type\" content=\"article\" \/>\n<meta property=\"og:title\" content=\"Pr\u00e9paration du chassis pour l&#039;accueil des supports de si\u00e8ges - Cox 4 fun\" \/>\n<meta property=\"og:description\" content=\"Il est temps de pr\u00e9parer le chassis afin de pouvoir y souder les supports de si\u00e8ges. Suite \u00e0 l&rsquo;absence de traitement du chassis, celui-ci a rouill\u00e9 de plus belle. Donc re-traitement. N&rsquo;ayant pas pu ass\u00e9cher correctement le chassis lors de sons d\u00e9rouillage, j&rsquo;ai pu tout recommencer le lendemain mais cette \u2026 Continue reading &rarr;\" \/>\n<meta property=\"og:url\" content=\"https:\/\/cox.pl84fun.eu\/?page_id=271\" \/>\n<meta property=\"og:site_name\" content=\"Cox 4 fun\" \/>\n<meta property=\"article:modified_time\" content=\"2013-07-15T18:42:59+00:00\" \/>\n<meta name=\"twitter:card\" content=\"summary_large_image\" \/>\n<script type=\"application\/ld+json\" class=\"yoast-schema-graph\">{\"@context\":\"https:\/\/schema.org\",\"@graph\":[{\"@type\":\"WebPage\",\"@id\":\"https:\/\/cox.pl84fun.eu\/?page_id=271\",\"url\":\"https:\/\/cox.pl84fun.eu\/?page_id=271\",\"name\":\"Pr\u00e9paration du chassis pour l'accueil des supports de si\u00e8ges - Cox 4 fun\",\"isPartOf\":{\"@id\":\"https:\/\/cox.pl84fun.eu\/#website\"},\"datePublished\":\"2013-06-12T17:02:41+00:00\",\"dateModified\":\"2013-07-15T18:42:59+00:00\",\"breadcrumb\":{\"@id\":\"https:\/\/cox.pl84fun.eu\/?page_id=271#breadcrumb\"},\"inLanguage\":\"fr-FR\",\"potentialAction\":[{\"@type\":\"ReadAction\",\"target\":[\"https:\/\/cox.pl84fun.eu\/?page_id=271\"]}]},{\"@type\":\"BreadcrumbList\",\"@id\":\"https:\/\/cox.pl84fun.eu\/?page_id=271#breadcrumb\",\"itemListElement\":[{\"@type\":\"ListItem\",\"position\":1,\"name\":\"Accueil\",\"item\":\"https:\/\/cox.pl84fun.eu\/\"},{\"@type\":\"ListItem\",\"position\":2,\"name\":\"Restauration cox 1303S\",\"item\":\"https:\/\/cox.pl84fun.eu\/?page_id=145\"},{\"@type\":\"ListItem\",\"position\":3,\"name\":\"Pr\u00e9paration du chassis pour l&rsquo;accueil des supports de si\u00e8ges\"}]},{\"@type\":\"WebSite\",\"@id\":\"https:\/\/cox.pl84fun.eu\/#website\",\"url\":\"https:\/\/cox.pl84fun.eu\/\",\"name\":\"Cox 4 fun\",\"description\":\"Un amour pour les cox depuis que j&#039;ai vu Choupette et son c\u00e9l\u00e8bre n\u00b053.\",\"potentialAction\":[{\"@type\":\"SearchAction\",\"target\":{\"@type\":\"EntryPoint\",\"urlTemplate\":\"https:\/\/cox.pl84fun.eu\/?s={search_term_string}\"},\"query-input\":{\"@type\":\"PropertyValueSpecification\",\"valueRequired\":true,\"valueName\":\"search_term_string\"}}],\"inLanguage\":\"fr-FR\"}]}<\/script>\n<!-- \/ Yoast SEO plugin. -->","yoast_head_json":{"title":"Pr\u00e9paration du chassis pour l'accueil des supports de si\u00e8ges - Cox 4 fun","robots":{"index":"noindex","follow":"follow","max-snippet":"max-snippet:-1","max-image-preview":"max-image-preview:large","max-video-preview":"max-video-preview:-1"},"og_locale":"fr_FR","og_type":"article","og_title":"Pr\u00e9paration du chassis pour l'accueil des supports de si\u00e8ges - Cox 4 fun","og_description":"Il est temps de pr\u00e9parer le chassis afin de pouvoir y souder les supports de si\u00e8ges. Suite \u00e0 l&rsquo;absence de traitement du chassis, celui-ci a rouill\u00e9 de plus belle. Donc re-traitement. N&rsquo;ayant pas pu ass\u00e9cher correctement le chassis lors de sons d\u00e9rouillage, j&rsquo;ai pu tout recommencer le lendemain mais cette \u2026 Continue reading &rarr;","og_url":"https:\/\/cox.pl84fun.eu\/?page_id=271","og_site_name":"Cox 4 fun","article_modified_time":"2013-07-15T18:42:59+00:00","twitter_card":"summary_large_image","schema":{"@context":"https:\/\/schema.org","@graph":[{"@type":"WebPage","@id":"https:\/\/cox.pl84fun.eu\/?page_id=271","url":"https:\/\/cox.pl84fun.eu\/?page_id=271","name":"Pr\u00e9paration du chassis pour l'accueil des supports de si\u00e8ges - Cox 4 fun","isPartOf":{"@id":"https:\/\/cox.pl84fun.eu\/#website"},"datePublished":"2013-06-12T17:02:41+00:00","dateModified":"2013-07-15T18:42:59+00:00","breadcrumb":{"@id":"https:\/\/cox.pl84fun.eu\/?page_id=271#breadcrumb"},"inLanguage":"fr-FR","potentialAction":[{"@type":"ReadAction","target":["https:\/\/cox.pl84fun.eu\/?page_id=271"]}]},{"@type":"BreadcrumbList","@id":"https:\/\/cox.pl84fun.eu\/?page_id=271#breadcrumb","itemListElement":[{"@type":"ListItem","position":1,"name":"Accueil","item":"https:\/\/cox.pl84fun.eu\/"},{"@type":"ListItem","position":2,"name":"Restauration cox 1303S","item":"https:\/\/cox.pl84fun.eu\/?page_id=145"},{"@type":"ListItem","position":3,"name":"Pr\u00e9paration du chassis pour l&rsquo;accueil des supports de si\u00e8ges"}]},{"@type":"WebSite","@id":"https:\/\/cox.pl84fun.eu\/#website","url":"https:\/\/cox.pl84fun.eu\/","name":"Cox 4 fun","description":"Un amour pour les cox depuis que j&#039;ai vu Choupette et son c\u00e9l\u00e8bre n\u00b053.","potentialAction":[{"@type":"SearchAction","target":{"@type":"EntryPoint","urlTemplate":"https:\/\/cox.pl84fun.eu\/?s={search_term_string}"},"query-input":{"@type":"PropertyValueSpecification","valueRequired":true,"valueName":"search_term_string"}}],"inLanguage":"fr-FR"}]}},"_links":{"self":[{"href":"https:\/\/cox.pl84fun.eu\/index.php?rest_route=\/wp\/v2\/pages\/271","targetHints":{"allow":["GET"]}}],"collection":[{"href":"https:\/\/cox.pl84fun.eu\/index.php?rest_route=\/wp\/v2\/pages"}],"about":[{"href":"https:\/\/cox.pl84fun.eu\/index.php?rest_route=\/wp\/v2\/types\/page"}],"author":[{"embeddable":true,"href":"https:\/\/cox.pl84fun.eu\/index.php?rest_route=\/wp\/v2\/users\/1"}],"replies":[{"embeddable":true,"href":"https:\/\/cox.pl84fun.eu\/index.php?rest_route=%2Fwp%2Fv2%2Fcomments&post=271"}],"version-history":[{"count":0,"href":"https:\/\/cox.pl84fun.eu\/index.php?rest_route=\/wp\/v2\/pages\/271\/revisions"}],"up":[{"embeddable":true,"href":"https:\/\/cox.pl84fun.eu\/index.php?rest_route=\/wp\/v2\/pages\/145"}],"wp:attachment":[{"href":"https:\/\/cox.pl84fun.eu\/index.php?rest_route=%2Fwp%2Fv2%2Fmedia&parent=271"}],"curies":[{"name":"wp","href":"https:\/\/api.w.org\/{rel}","templated":true}]}}