{"id":256,"date":"2013-05-26T19:15:43","date_gmt":"2013-05-26T18:15:43","guid":{"rendered":"http:\/\/cox.pl84fun.eu\/?page_id=256"},"modified":"2013-06-15T19:50:50","modified_gmt":"2013-06-15T18:50:50","slug":"nettoyage-du-carburateur","status":"publish","type":"page","link":"https:\/\/cox.pl84fun.eu\/?page_id=256","title":{"rendered":"Nettoyage et r\u00e9novation du carburateur"},"content":{"rendered":"<p><strong>Nettoyage:<\/strong><\/p>\n<p>Suite au cal\u00e2ge du moteur et \u00e0 la d\u00e9couverte de la couleur de l&rsquo;essence apr\u00e8s son passage par le r\u00e9servoir et par la durite rigide, un nettoyage du carburateur ainsi que le remplacement de toutes les durites tress\u00e9es m\u00e9tal s&rsquo;impose. Le carburateur a \u00e9t\u00e9 nettoy\u00e9 sans \u00eatre totalement d\u00e9mont\u00e9. Les gicleurs ainsi que les joints et la membrane seront remplac\u00e9s plus tard par des neufs. Je n&rsquo;ai malheuresement pas pens\u00e9 \u00e0 faire de photos du nettoyage des gicleurs.<\/p>\n<div class=\"flagallery phantom_skin\" id=\"FlaGallery_sc1_26\" ><style type=\"text\/css\" class=\"flagallery_skin_style_import\">#FlaGallery_sc1_26 .flagPhantom_ThumbContainer {width:200px; height:180px;}#FlaGallery_sc1_26 .flagPhantom_MobileView .flagPhantom_ThumbContainer {width:150px; height:135px;}#FlaGallery_sc1_26 .flagPhantom_Container {margin-left:auto;margin-right:auto;}#FlaGallery_sc1_26 .flagPhantom_ThumbContainer {margin:8px 0 0 8px;}#FlaGallery_sc1_26 .flagPhantom_ThumbContainer {padding:2px;}#FlaGallery_sc1_26 .flagPhantom_LabelBottom .flagPhantom_ThumbContainer {padding-bottom:36px;}#FlaGallery_sc1_26 .flagPhantom_ThumbContainer,#FlaGallery_sc1_26 .flagPhantom_LabelBottom .flagPhantom_ThumbLabel {background-color:#ffffff;}#FlaGallery_sc1_26 .flagPhantom_ThumbContainer .flagPhantom_Thumb {opacity:0.9;}#FlaGallery_sc1_26 .flagPhantom_ThumbContainer:hover .flagPhantom_Thumb {opacity:1;}#FlaGallery_sc1_26 .flagPhantom_ThumbContainer {border:1px solid #cccccc;}#FlaGallery_sc1_26 .flagPhantom_ThumbContainer {box-shadow:0 0 5px -2px #cccccc;}#FlaGallery_sc1_26 .flagPhantom_ThumbLabel {color:#0b0b0b;}#FlaGallery_sc1_26 .flagPhantom_ThumbLabel a {color:#3695E7;}#FlaGallery_sc1_26 .flagPhantom_LabelInside .flagPhantom_ThumbLabel,#FlaGallery_sc1_26 .flagPhantom_LabelHover .flagPhantom_ThumbLabel {color:#ffffff;}#FlaGallery_sc1_26 .flagPhantom_LabelInside .flagPhantom_ThumbLabel a,#FlaGallery_sc1_26 .flagPhantom_LabelHover .flagPhantom_ThumbLabel a,#FlaGallery_sc1_26 .flagPhantom_LabelInside .flagPhantom_ThumbLabel a:hover,#FlaGallery_sc1_26 .flagPhantom_LabelHover .flagPhantom_ThumbLabel a:hover {color:#e7e179;}<\/style> <div class=\"flagPhantom_Container noLightbox\" style=\"opacity:0\"> <h3>Nettoyage du carburateur<\/h3> <div class=\"flagPhantom_thumbsWrapper flagPhantom_ThumbScale flagPhantom_LabelHover\"> <\/div> <\/div> <script type=\"text\/javascript\"> jQuery(function(){ var settings = {\"maxheight\":\"0\",\"thumbCols\":\"0\",\"thumbRows\":\"0\",\"thumbsNavigation\":\"scroll\",\"bgColor\":\"#ffffff\",\"bgAlpha\":\"0\",\"thumbWidth\":\"200\",\"thumbHeight\":\"180\",\"thumbWidthMobile\":\"150\",\"thumbHeightMobile\":\"135\",\"thumbsSpacing\":\"8\",\"thumbsVerticalPadding\":\"4\",\"thumbsHorizontalPadding\":\"4\",\"thumbsAlign\":\"center\",\"thumbScale\":\"1\",\"thumbBG\":\"#ffffff\",\"thumbAlpha\":\"90\",\"thumbAlphaHover\":\"100\",\"thumbBorderSize\":\"1\",\"thumbBorderColor\":\"#cccccc\",\"thumbPadding\":\"2\",\"thumbsInfo\":\"label\",\"labelOnHover\":\"1\",\"labelTextColor\":\"#ffffff\",\"labelLinkColor\":\"#e7e179\",\"label8TextColor\":\"#0b0b0b\",\"label8LinkColor\":\"#3695E7\",\"tooltipTextColor\":\"#0b0b0b\",\"tooltipBgColor\":\"#ffffff\",\"tooltipStrokeColor\":\"#000000\",\"lightboxControlsColor\":\"#ffffff\",\"lightboxTitleColor\":\"#f3f3f3\",\"lightboxTextColor\":\"#f3f3f3\",\"lightboxBGColor\":\"#0b0b0b\",\"lightboxBGAlpha\":\"80\",\"socialShareEnabled\":\"1\",\"deepLinks\":\"1\",\"sidebarBGColor\":\"#ffffff\",\"lightbox800HideArrows\":\"0\",\"viewsEnabled\":\"1\",\"likesEnabled\":\"1\",\"thumb2link\":\"0\",\"show_title\":\"1\",\"initRPdelay\":\"200\",\"key\":\"\",\"name\":\"\",\"mfp_css\":\"\\r\\n#mfp_gm_sc1_26 .mfp-arrow-right:after,\\r\\n#mfp_gm_sc1_26 .mfp-arrow-right .mfp-a {border-left-color:#ffffff;}\\r\\n#mfp_gm_sc1_26 .mfp-arrow-left:after,\\r\\n#mfp_gm_sc1_26 .mfp-arrow-left .mfp-a {border-right-color:#ffffff;}\\r\\n#mfp_gm_sc1_26 .mfp-close,\\r\\n#mfp_gm_sc1_26 .mfp-likes,\\r\\n#mfp_gm_sc1_26 .mfp-share {color:#ffffff;}\\r\\n#mfp_gm_sc1_26 .mfp-preloader {background-color:#ffffff;}\\r\\n#mfp_gm_sc1_26 .flagPhantom_title,\\r\\n#mfp_gm_sc1_26 .mfp-counter {color:#f3f3f3;}\\r\\n#mfp_gm_sc1_26 .flagPhantom_text {color:#f3f3f3;}\\r\\n#mfp_gm_sc1_26_bg.mfp-bg {background-color:#0b0b0b;}\\r\\n#mfp_gm_sc1_26_bg.mfp-bg {opacity:0.8;}\\r\\n#mfp_gm_sc1_26_bg.mfp-zoom-in.mfp-bg {opacity:0}\\r\\n#mfp_gm_sc1_26_bg.mfp-zoom-in.mfp-ready.mfp-bg {opacity:0.8;}\\r\\n#mfp_gm_sc1_26_bg.mfp-zoom-in.mfp-removing.mfp-bg {opacity:0}\"}; jQuery('#FlaGallery_sc1_26').flagPhantom([settings]); }); <\/script><\/div><noscript id=\"noscript_FlaGallery_sc1_26\"><\/noscript>\n<p>&nbsp;<\/p>\n<p><strong>R\u00e9novation:<\/strong><strong><\/strong><\/p>\n<p>Apr\u00e8s avoir nettoy\u00e9 le carburateur, le moteur ne d\u00e9marrait toujours pas donc un d\u00e9montage du carbu et un nettotyage en profondeur s&rsquo;impose. Toutes les pi\u00e8ces except\u00e9 le corps haut et bas du carbu ont tremp\u00e9 dans l&rsquo;essence durant 4 heures. Il a fallu filtrer l&rsquo;essence pour \u00eatre s\u00fbr de ne rien jeter par m\u00e9garde (l&rsquo;essence \u00e9tait devenue noire).<\/p>\n<p>Suite \u00e0 ce nettoyage, la membrane \u00e9tait trop propre et fuyait. J&rsquo;ai donc d\u00e9cid\u00e9 de commander un kit de r\u00e9novation pour le Weber ainsi que plusieurs petites pi\u00e8ces. L\u00e0 encore, toutes les pi\u00e8ces except\u00e9 le corps haut et bas du carbu ont tremp\u00e9 dans l&rsquo;essence. Toutes les pi\u00e8ces disponibles en neuf ont remplac\u00e9 les pi\u00e8ces d&rsquo;origine (J&rsquo;ai quand m\u00eame gard\u00e9 les pi\u00e8ces d&rsquo;origine, on ne sait jamais). Allez, place aux photos.<\/p>\n<div class=\"flagallery phantom_skin\" id=\"FlaGallery_sc2_29\" ><style type=\"text\/css\" class=\"flagallery_skin_style_import\">#FlaGallery_sc2_29 .flagPhantom_ThumbContainer {width:200px; height:180px;}#FlaGallery_sc2_29 .flagPhantom_MobileView .flagPhantom_ThumbContainer {width:150px; height:135px;}#FlaGallery_sc2_29 .flagPhantom_Container {margin-left:auto;margin-right:auto;}#FlaGallery_sc2_29 .flagPhantom_ThumbContainer {margin:8px 0 0 8px;}#FlaGallery_sc2_29 .flagPhantom_ThumbContainer {padding:2px;}#FlaGallery_sc2_29 .flagPhantom_LabelBottom .flagPhantom_ThumbContainer {padding-bottom:36px;}#FlaGallery_sc2_29 .flagPhantom_ThumbContainer,#FlaGallery_sc2_29 .flagPhantom_LabelBottom .flagPhantom_ThumbLabel {background-color:#ffffff;}#FlaGallery_sc2_29 .flagPhantom_ThumbContainer .flagPhantom_Thumb {opacity:0.9;}#FlaGallery_sc2_29 .flagPhantom_ThumbContainer:hover .flagPhantom_Thumb {opacity:1;}#FlaGallery_sc2_29 .flagPhantom_ThumbContainer {border:1px solid #cccccc;}#FlaGallery_sc2_29 .flagPhantom_ThumbContainer {box-shadow:0 0 5px -2px #cccccc;}#FlaGallery_sc2_29 .flagPhantom_ThumbLabel {color:#0b0b0b;}#FlaGallery_sc2_29 .flagPhantom_ThumbLabel a {color:#3695E7;}#FlaGallery_sc2_29 .flagPhantom_LabelInside .flagPhantom_ThumbLabel,#FlaGallery_sc2_29 .flagPhantom_LabelHover .flagPhantom_ThumbLabel {color:#ffffff;}#FlaGallery_sc2_29 .flagPhantom_LabelInside .flagPhantom_ThumbLabel a,#FlaGallery_sc2_29 .flagPhantom_LabelHover .flagPhantom_ThumbLabel a,#FlaGallery_sc2_29 .flagPhantom_LabelInside .flagPhantom_ThumbLabel a:hover,#FlaGallery_sc2_29 .flagPhantom_LabelHover .flagPhantom_ThumbLabel a:hover {color:#e7e179;}<\/style> <div class=\"flagPhantom_Container noLightbox\" style=\"opacity:0\"> <h3>R\u00e9novation du carburateur<\/h3> <div class=\"flagPhantom_thumbsWrapper flagPhantom_ThumbScale flagPhantom_LabelHover\"> <\/div> <\/div> <script type=\"text\/javascript\"> jQuery(function(){ var settings = {\"maxheight\":\"0\",\"thumbCols\":\"0\",\"thumbRows\":\"0\",\"thumbsNavigation\":\"scroll\",\"bgColor\":\"#ffffff\",\"bgAlpha\":\"0\",\"thumbWidth\":\"200\",\"thumbHeight\":\"180\",\"thumbWidthMobile\":\"150\",\"thumbHeightMobile\":\"135\",\"thumbsSpacing\":\"8\",\"thumbsVerticalPadding\":\"4\",\"thumbsHorizontalPadding\":\"4\",\"thumbsAlign\":\"center\",\"thumbScale\":\"1\",\"thumbBG\":\"#ffffff\",\"thumbAlpha\":\"90\",\"thumbAlphaHover\":\"100\",\"thumbBorderSize\":\"1\",\"thumbBorderColor\":\"#cccccc\",\"thumbPadding\":\"2\",\"thumbsInfo\":\"label\",\"labelOnHover\":\"1\",\"labelTextColor\":\"#ffffff\",\"labelLinkColor\":\"#e7e179\",\"label8TextColor\":\"#0b0b0b\",\"label8LinkColor\":\"#3695E7\",\"tooltipTextColor\":\"#0b0b0b\",\"tooltipBgColor\":\"#ffffff\",\"tooltipStrokeColor\":\"#000000\",\"lightboxControlsColor\":\"#ffffff\",\"lightboxTitleColor\":\"#f3f3f3\",\"lightboxTextColor\":\"#f3f3f3\",\"lightboxBGColor\":\"#0b0b0b\",\"lightboxBGAlpha\":\"80\",\"socialShareEnabled\":\"1\",\"deepLinks\":\"1\",\"sidebarBGColor\":\"#ffffff\",\"lightbox800HideArrows\":\"0\",\"viewsEnabled\":\"1\",\"likesEnabled\":\"1\",\"thumb2link\":\"0\",\"show_title\":\"1\",\"initRPdelay\":\"200\",\"key\":\"\",\"name\":\"\",\"mfp_css\":\"\\r\\n#mfp_gm_sc2_29 .mfp-arrow-right:after,\\r\\n#mfp_gm_sc2_29 .mfp-arrow-right .mfp-a {border-left-color:#ffffff;}\\r\\n#mfp_gm_sc2_29 .mfp-arrow-left:after,\\r\\n#mfp_gm_sc2_29 .mfp-arrow-left .mfp-a {border-right-color:#ffffff;}\\r\\n#mfp_gm_sc2_29 .mfp-close,\\r\\n#mfp_gm_sc2_29 .mfp-likes,\\r\\n#mfp_gm_sc2_29 .mfp-share {color:#ffffff;}\\r\\n#mfp_gm_sc2_29 .mfp-preloader {background-color:#ffffff;}\\r\\n#mfp_gm_sc2_29 .flagPhantom_title,\\r\\n#mfp_gm_sc2_29 .mfp-counter {color:#f3f3f3;}\\r\\n#mfp_gm_sc2_29 .flagPhantom_text {color:#f3f3f3;}\\r\\n#mfp_gm_sc2_29_bg.mfp-bg {background-color:#0b0b0b;}\\r\\n#mfp_gm_sc2_29_bg.mfp-bg {opacity:0.8;}\\r\\n#mfp_gm_sc2_29_bg.mfp-zoom-in.mfp-bg {opacity:0}\\r\\n#mfp_gm_sc2_29_bg.mfp-zoom-in.mfp-ready.mfp-bg {opacity:0.8;}\\r\\n#mfp_gm_sc2_29_bg.mfp-zoom-in.mfp-removing.mfp-bg {opacity:0}\"}; jQuery('#FlaGallery_sc2_29').flagPhantom([settings]); }); <\/script><\/div><noscript id=\"noscript_FlaGallery_sc2_29\"><\/noscript>\n<p>&nbsp;<\/p>\n","protected":false},"excerpt":{"rendered":"<p>Nettoyage: Suite au cal\u00e2ge du moteur et \u00e0 la d\u00e9couverte de la couleur de l&rsquo;essence apr\u00e8s son passage par le r\u00e9servoir et par la durite rigide, un nettoyage du carburateur ainsi que le remplacement de toutes les durites tress\u00e9es m\u00e9tal s&rsquo;impose. Le carburateur a \u00e9t\u00e9 nettoy\u00e9 sans \u00eatre totalement d\u00e9mont\u00e9. \u2026 <a class=\"continue-reading-link\" href=\"https:\/\/cox.pl84fun.eu\/?page_id=256\"> Continue reading <span class=\"meta-nav\">&rarr; <\/span><\/a><\/p>\n","protected":false},"author":1,"featured_media":0,"parent":145,"menu_order":13,"comment_status":"closed","ping_status":"closed","template":"","meta":{"footnotes":""},"class_list":["post-256","page","type-page","status-publish","hentry"],"yoast_head":"<!-- This site is optimized with the Yoast SEO plugin v24.1 - https:\/\/yoast.com\/wordpress\/plugins\/seo\/ -->\n<title>Nettoyage et r\u00e9novation du carburateur - Cox 4 fun<\/title>\n<meta name=\"robots\" content=\"noindex, follow, max-snippet:-1, max-image-preview:large, max-video-preview:-1\" \/>\n<meta property=\"og:locale\" content=\"fr_FR\" \/>\n<meta property=\"og:type\" content=\"article\" \/>\n<meta property=\"og:title\" content=\"Nettoyage et r\u00e9novation du carburateur - Cox 4 fun\" \/>\n<meta property=\"og:description\" content=\"Nettoyage: Suite au cal\u00e2ge du moteur et \u00e0 la d\u00e9couverte de la couleur de l&rsquo;essence apr\u00e8s son passage par le r\u00e9servoir et par la durite rigide, un nettoyage du carburateur ainsi que le remplacement de toutes les durites tress\u00e9es m\u00e9tal s&rsquo;impose. Le carburateur a \u00e9t\u00e9 nettoy\u00e9 sans \u00eatre totalement d\u00e9mont\u00e9. \u2026 Continue reading &rarr;\" \/>\n<meta property=\"og:url\" content=\"https:\/\/cox.pl84fun.eu\/?page_id=256\" \/>\n<meta property=\"og:site_name\" content=\"Cox 4 fun\" \/>\n<meta property=\"article:modified_time\" content=\"2013-06-15T18:50:50+00:00\" \/>\n<meta name=\"twitter:card\" content=\"summary_large_image\" \/>\n<meta name=\"twitter:label1\" content=\"Dur\u00e9e de lecture estim\u00e9e\" \/>\n\t<meta name=\"twitter:data1\" content=\"1 minute\" \/>\n<script type=\"application\/ld+json\" class=\"yoast-schema-graph\">{\"@context\":\"https:\/\/schema.org\",\"@graph\":[{\"@type\":\"WebPage\",\"@id\":\"https:\/\/cox.pl84fun.eu\/?page_id=256\",\"url\":\"https:\/\/cox.pl84fun.eu\/?page_id=256\",\"name\":\"Nettoyage et r\u00e9novation du carburateur - Cox 4 fun\",\"isPartOf\":{\"@id\":\"https:\/\/cox.pl84fun.eu\/#website\"},\"datePublished\":\"2013-05-26T18:15:43+00:00\",\"dateModified\":\"2013-06-15T18:50:50+00:00\",\"breadcrumb\":{\"@id\":\"https:\/\/cox.pl84fun.eu\/?page_id=256#breadcrumb\"},\"inLanguage\":\"fr-FR\",\"potentialAction\":[{\"@type\":\"ReadAction\",\"target\":[\"https:\/\/cox.pl84fun.eu\/?page_id=256\"]}]},{\"@type\":\"BreadcrumbList\",\"@id\":\"https:\/\/cox.pl84fun.eu\/?page_id=256#breadcrumb\",\"itemListElement\":[{\"@type\":\"ListItem\",\"position\":1,\"name\":\"Accueil\",\"item\":\"https:\/\/cox.pl84fun.eu\/\"},{\"@type\":\"ListItem\",\"position\":2,\"name\":\"Restauration cox 1303S\",\"item\":\"https:\/\/cox.pl84fun.eu\/?page_id=145\"},{\"@type\":\"ListItem\",\"position\":3,\"name\":\"Nettoyage et r\u00e9novation du carburateur\"}]},{\"@type\":\"WebSite\",\"@id\":\"https:\/\/cox.pl84fun.eu\/#website\",\"url\":\"https:\/\/cox.pl84fun.eu\/\",\"name\":\"Cox 4 fun\",\"description\":\"Un amour pour les cox depuis que j&#039;ai vu Choupette et son c\u00e9l\u00e8bre n\u00b053.\",\"potentialAction\":[{\"@type\":\"SearchAction\",\"target\":{\"@type\":\"EntryPoint\",\"urlTemplate\":\"https:\/\/cox.pl84fun.eu\/?s={search_term_string}\"},\"query-input\":{\"@type\":\"PropertyValueSpecification\",\"valueRequired\":true,\"valueName\":\"search_term_string\"}}],\"inLanguage\":\"fr-FR\"}]}<\/script>\n<!-- \/ Yoast SEO plugin. -->","yoast_head_json":{"title":"Nettoyage et r\u00e9novation du carburateur - Cox 4 fun","robots":{"index":"noindex","follow":"follow","max-snippet":"max-snippet:-1","max-image-preview":"max-image-preview:large","max-video-preview":"max-video-preview:-1"},"og_locale":"fr_FR","og_type":"article","og_title":"Nettoyage et r\u00e9novation du carburateur - Cox 4 fun","og_description":"Nettoyage: Suite au cal\u00e2ge du moteur et \u00e0 la d\u00e9couverte de la couleur de l&rsquo;essence apr\u00e8s son passage par le r\u00e9servoir et par la durite rigide, un nettoyage du carburateur ainsi que le remplacement de toutes les durites tress\u00e9es m\u00e9tal s&rsquo;impose. Le carburateur a \u00e9t\u00e9 nettoy\u00e9 sans \u00eatre totalement d\u00e9mont\u00e9. \u2026 Continue reading &rarr;","og_url":"https:\/\/cox.pl84fun.eu\/?page_id=256","og_site_name":"Cox 4 fun","article_modified_time":"2013-06-15T18:50:50+00:00","twitter_card":"summary_large_image","twitter_misc":{"Dur\u00e9e de lecture estim\u00e9e":"1 minute"},"schema":{"@context":"https:\/\/schema.org","@graph":[{"@type":"WebPage","@id":"https:\/\/cox.pl84fun.eu\/?page_id=256","url":"https:\/\/cox.pl84fun.eu\/?page_id=256","name":"Nettoyage et r\u00e9novation du carburateur - Cox 4 fun","isPartOf":{"@id":"https:\/\/cox.pl84fun.eu\/#website"},"datePublished":"2013-05-26T18:15:43+00:00","dateModified":"2013-06-15T18:50:50+00:00","breadcrumb":{"@id":"https:\/\/cox.pl84fun.eu\/?page_id=256#breadcrumb"},"inLanguage":"fr-FR","potentialAction":[{"@type":"ReadAction","target":["https:\/\/cox.pl84fun.eu\/?page_id=256"]}]},{"@type":"BreadcrumbList","@id":"https:\/\/cox.pl84fun.eu\/?page_id=256#breadcrumb","itemListElement":[{"@type":"ListItem","position":1,"name":"Accueil","item":"https:\/\/cox.pl84fun.eu\/"},{"@type":"ListItem","position":2,"name":"Restauration cox 1303S","item":"https:\/\/cox.pl84fun.eu\/?page_id=145"},{"@type":"ListItem","position":3,"name":"Nettoyage et r\u00e9novation du carburateur"}]},{"@type":"WebSite","@id":"https:\/\/cox.pl84fun.eu\/#website","url":"https:\/\/cox.pl84fun.eu\/","name":"Cox 4 fun","description":"Un amour pour les cox depuis que j&#039;ai vu Choupette et son c\u00e9l\u00e8bre n\u00b053.","potentialAction":[{"@type":"SearchAction","target":{"@type":"EntryPoint","urlTemplate":"https:\/\/cox.pl84fun.eu\/?s={search_term_string}"},"query-input":{"@type":"PropertyValueSpecification","valueRequired":true,"valueName":"search_term_string"}}],"inLanguage":"fr-FR"}]}},"_links":{"self":[{"href":"https:\/\/cox.pl84fun.eu\/index.php?rest_route=\/wp\/v2\/pages\/256","targetHints":{"allow":["GET"]}}],"collection":[{"href":"https:\/\/cox.pl84fun.eu\/index.php?rest_route=\/wp\/v2\/pages"}],"about":[{"href":"https:\/\/cox.pl84fun.eu\/index.php?rest_route=\/wp\/v2\/types\/page"}],"author":[{"embeddable":true,"href":"https:\/\/cox.pl84fun.eu\/index.php?rest_route=\/wp\/v2\/users\/1"}],"replies":[{"embeddable":true,"href":"https:\/\/cox.pl84fun.eu\/index.php?rest_route=%2Fwp%2Fv2%2Fcomments&post=256"}],"version-history":[{"count":0,"href":"https:\/\/cox.pl84fun.eu\/index.php?rest_route=\/wp\/v2\/pages\/256\/revisions"}],"up":[{"embeddable":true,"href":"https:\/\/cox.pl84fun.eu\/index.php?rest_route=\/wp\/v2\/pages\/145"}],"wp:attachment":[{"href":"https:\/\/cox.pl84fun.eu\/index.php?rest_route=%2Fwp%2Fv2%2Fmedia&parent=256"}],"curies":[{"name":"wp","href":"https:\/\/api.w.org\/{rel}","templated":true}]}}