{"id":172,"date":"2013-04-27T19:42:10","date_gmt":"2013-04-27T18:42:10","guid":{"rendered":"http:\/\/cox.pl84fun.eu\/?page_id=172"},"modified":"2013-04-27T19:53:21","modified_gmt":"2013-04-27T18:53:21","slug":"remplacement-de-lembrayage","status":"publish","type":"page","link":"https:\/\/cox.pl84fun.eu\/?page_id=172","title":{"rendered":"Remplacement de l&#8217;embrayage"},"content":{"rendered":"<p>L&#8217;embrayage pr\u00e9sent sur le 1600cc est encore celui d&rsquo;origine et il est donc temps de le remplacer. Le nouvel embrayage \u00e9tait dans le lot de pi\u00e8ces accompagnant la cox. Je me suis donc attel\u00e9 \u00e0 son remplacement et honn\u00eatement, je dirais juste deux mots, ultra simple. J&rsquo;en ai profit\u00e9 pour nettoyer le volant moteur, le r\u00e9sultat est bluffant.<\/p>\n<p>Avant : \u00a0 \u00a0 \u00a0 \u00a0 \u00a0 \u00a0 \u00a0 \u00a0 \u00a0 \u00a0 \u00a0 \u00a0 \u00a0 \u00a0 \u00a0 \u00a0 \u00a0 \u00a0 \u00a0 \u00a0 \u00a0 \u00a0 \u00a0 \u00a0 \u00a0 \u00a0 \u00a0 \u00a0 \u00a0 \u00a0 \u00a0 \u00a0 \u00a0 \u00a0 \u00a0 \u00a0 \u00a0 \u00a0 Apr\u00e8s :<\/p>\n<p><img loading=\"lazy\" decoding=\"async\" class=\"alignnone size-medium wp-image-173\" alt=\"DSC04276\" src=\"http:\/\/cox.pl84fun.eu\/wp-content\/uploads\/2013\/04\/DSC04276-300x225.jpg\" width=\"300\" height=\"225\" srcset=\"https:\/\/cox.pl84fun.eu\/wp-content\/uploads\/2013\/04\/DSC04276-300x225.jpg 300w, https:\/\/cox.pl84fun.eu\/wp-content\/uploads\/2013\/04\/DSC04276-200x150.jpg 200w, https:\/\/cox.pl84fun.eu\/wp-content\/uploads\/2013\/04\/DSC04276.jpg 800w\" sizes=\"auto, (max-width: 300px) 100vw, 300px\" \/> \u00a0\u00a0 \u00a0 \u00a0 \u00a0<img loading=\"lazy\" decoding=\"async\" class=\"alignnone size-medium wp-image-174\" alt=\"DSC04278\" src=\"http:\/\/cox.pl84fun.eu\/wp-content\/uploads\/2013\/04\/DSC04278-300x225.jpg\" width=\"300\" height=\"225\" srcset=\"https:\/\/cox.pl84fun.eu\/wp-content\/uploads\/2013\/04\/DSC04278-300x225.jpg 300w, https:\/\/cox.pl84fun.eu\/wp-content\/uploads\/2013\/04\/DSC04278-200x150.jpg 200w, https:\/\/cox.pl84fun.eu\/wp-content\/uploads\/2013\/04\/DSC04278.jpg 800w\" sizes=\"auto, (max-width: 300px) 100vw, 300px\" \/><\/p>\n<p>Et maintenant, place aux photos.<\/p>\n<div class=\"flagallery phantom_skin\" id=\"FlaGallery_sc1_16\" ><style type=\"text\/css\" class=\"flagallery_skin_style_import\">#FlaGallery_sc1_16 .flagPhantom_ThumbContainer {width:200px; height:180px;}#FlaGallery_sc1_16 .flagPhantom_MobileView .flagPhantom_ThumbContainer {width:150px; height:135px;}#FlaGallery_sc1_16 .flagPhantom_Container {margin-left:auto;margin-right:auto;}#FlaGallery_sc1_16 .flagPhantom_ThumbContainer {margin:8px 0 0 8px;}#FlaGallery_sc1_16 .flagPhantom_ThumbContainer {padding:2px;}#FlaGallery_sc1_16 .flagPhantom_LabelBottom .flagPhantom_ThumbContainer {padding-bottom:36px;}#FlaGallery_sc1_16 .flagPhantom_ThumbContainer,#FlaGallery_sc1_16 .flagPhantom_LabelBottom .flagPhantom_ThumbLabel {background-color:#ffffff;}#FlaGallery_sc1_16 .flagPhantom_ThumbContainer .flagPhantom_Thumb {opacity:0.9;}#FlaGallery_sc1_16 .flagPhantom_ThumbContainer:hover .flagPhantom_Thumb {opacity:1;}#FlaGallery_sc1_16 .flagPhantom_ThumbContainer {border:1px solid #cccccc;}#FlaGallery_sc1_16 .flagPhantom_ThumbContainer {box-shadow:0 0 5px -2px #cccccc;}#FlaGallery_sc1_16 .flagPhantom_ThumbLabel {color:#0b0b0b;}#FlaGallery_sc1_16 .flagPhantom_ThumbLabel a {color:#3695E7;}#FlaGallery_sc1_16 .flagPhantom_LabelInside .flagPhantom_ThumbLabel,#FlaGallery_sc1_16 .flagPhantom_LabelHover .flagPhantom_ThumbLabel {color:#ffffff;}#FlaGallery_sc1_16 .flagPhantom_LabelInside .flagPhantom_ThumbLabel a,#FlaGallery_sc1_16 .flagPhantom_LabelHover .flagPhantom_ThumbLabel a,#FlaGallery_sc1_16 .flagPhantom_LabelInside .flagPhantom_ThumbLabel a:hover,#FlaGallery_sc1_16 .flagPhantom_LabelHover .flagPhantom_ThumbLabel a:hover {color:#e7e179;}<\/style> <div class=\"flagPhantom_Container noLightbox\" style=\"opacity:0\"> <h3>Remplacement de l&#039;embrayage<\/h3> <div class=\"flagPhantom_thumbsWrapper flagPhantom_ThumbScale flagPhantom_LabelHover\"> <\/div> <\/div> <script type=\"text\/javascript\"> jQuery(function(){ var settings = {\"maxheight\":\"0\",\"thumbCols\":\"0\",\"thumbRows\":\"0\",\"thumbsNavigation\":\"scroll\",\"bgColor\":\"#ffffff\",\"bgAlpha\":\"0\",\"thumbWidth\":\"200\",\"thumbHeight\":\"180\",\"thumbWidthMobile\":\"150\",\"thumbHeightMobile\":\"135\",\"thumbsSpacing\":\"8\",\"thumbsVerticalPadding\":\"4\",\"thumbsHorizontalPadding\":\"4\",\"thumbsAlign\":\"center\",\"thumbScale\":\"1\",\"thumbBG\":\"#ffffff\",\"thumbAlpha\":\"90\",\"thumbAlphaHover\":\"100\",\"thumbBorderSize\":\"1\",\"thumbBorderColor\":\"#cccccc\",\"thumbPadding\":\"2\",\"thumbsInfo\":\"label\",\"labelOnHover\":\"1\",\"labelTextColor\":\"#ffffff\",\"labelLinkColor\":\"#e7e179\",\"label8TextColor\":\"#0b0b0b\",\"label8LinkColor\":\"#3695E7\",\"tooltipTextColor\":\"#0b0b0b\",\"tooltipBgColor\":\"#ffffff\",\"tooltipStrokeColor\":\"#000000\",\"lightboxControlsColor\":\"#ffffff\",\"lightboxTitleColor\":\"#f3f3f3\",\"lightboxTextColor\":\"#f3f3f3\",\"lightboxBGColor\":\"#0b0b0b\",\"lightboxBGAlpha\":\"80\",\"socialShareEnabled\":\"1\",\"deepLinks\":\"1\",\"sidebarBGColor\":\"#ffffff\",\"lightbox800HideArrows\":\"0\",\"viewsEnabled\":\"1\",\"likesEnabled\":\"1\",\"thumb2link\":\"0\",\"show_title\":\"1\",\"initRPdelay\":\"200\",\"key\":\"\",\"name\":\"\",\"mfp_css\":\"\\r\\n#mfp_gm_sc1_16 .mfp-arrow-right:after,\\r\\n#mfp_gm_sc1_16 .mfp-arrow-right .mfp-a {border-left-color:#ffffff;}\\r\\n#mfp_gm_sc1_16 .mfp-arrow-left:after,\\r\\n#mfp_gm_sc1_16 .mfp-arrow-left .mfp-a {border-right-color:#ffffff;}\\r\\n#mfp_gm_sc1_16 .mfp-close,\\r\\n#mfp_gm_sc1_16 .mfp-likes,\\r\\n#mfp_gm_sc1_16 .mfp-share {color:#ffffff;}\\r\\n#mfp_gm_sc1_16 .mfp-preloader {background-color:#ffffff;}\\r\\n#mfp_gm_sc1_16 .flagPhantom_title,\\r\\n#mfp_gm_sc1_16 .mfp-counter {color:#f3f3f3;}\\r\\n#mfp_gm_sc1_16 .flagPhantom_text {color:#f3f3f3;}\\r\\n#mfp_gm_sc1_16_bg.mfp-bg {background-color:#0b0b0b;}\\r\\n#mfp_gm_sc1_16_bg.mfp-bg {opacity:0.8;}\\r\\n#mfp_gm_sc1_16_bg.mfp-zoom-in.mfp-bg {opacity:0}\\r\\n#mfp_gm_sc1_16_bg.mfp-zoom-in.mfp-ready.mfp-bg {opacity:0.8;}\\r\\n#mfp_gm_sc1_16_bg.mfp-zoom-in.mfp-removing.mfp-bg {opacity:0}\"}; jQuery('#FlaGallery_sc1_16').flagPhantom([settings]); }); <\/script><\/div><noscript id=\"noscript_FlaGallery_sc1_16\"><\/noscript>\n","protected":false},"excerpt":{"rendered":"<p>L&#8217;embrayage pr\u00e9sent sur le 1600cc est encore celui d&rsquo;origine et il est donc temps de le remplacer. Le nouvel embrayage \u00e9tait dans le lot de pi\u00e8ces accompagnant la cox. Je me suis donc attel\u00e9 \u00e0 son remplacement et honn\u00eatement, je dirais juste deux mots, ultra simple. J&rsquo;en ai profit\u00e9 pour \u2026 <a class=\"continue-reading-link\" href=\"https:\/\/cox.pl84fun.eu\/?page_id=172\"> Continue reading <span class=\"meta-nav\">&rarr; <\/span><\/a><\/p>\n","protected":false},"author":1,"featured_media":0,"parent":145,"menu_order":4,"comment_status":"closed","ping_status":"closed","template":"","meta":{"footnotes":""},"class_list":["post-172","page","type-page","status-publish","hentry"],"yoast_head":"<!-- This site is optimized with the Yoast SEO plugin v24.1 - https:\/\/yoast.com\/wordpress\/plugins\/seo\/ -->\n<title>Remplacement de l&#039;embrayage - Cox 4 fun<\/title>\n<meta name=\"robots\" content=\"noindex, follow, max-snippet:-1, max-image-preview:large, max-video-preview:-1\" \/>\n<meta property=\"og:locale\" content=\"fr_FR\" \/>\n<meta property=\"og:type\" content=\"article\" \/>\n<meta property=\"og:title\" content=\"Remplacement de l&#039;embrayage - Cox 4 fun\" \/>\n<meta property=\"og:description\" content=\"L&#8217;embrayage pr\u00e9sent sur le 1600cc est encore celui d&rsquo;origine et il est donc temps de le remplacer. Le nouvel embrayage \u00e9tait dans le lot de pi\u00e8ces accompagnant la cox. Je me suis donc attel\u00e9 \u00e0 son remplacement et honn\u00eatement, je dirais juste deux mots, ultra simple. J&rsquo;en ai profit\u00e9 pour \u2026 Continue reading &rarr;\" \/>\n<meta property=\"og:url\" content=\"https:\/\/cox.pl84fun.eu\/?page_id=172\" \/>\n<meta property=\"og:site_name\" content=\"Cox 4 fun\" \/>\n<meta property=\"article:modified_time\" content=\"2013-04-27T18:53:21+00:00\" \/>\n<meta property=\"og:image\" content=\"http:\/\/cox.pl84fun.eu\/wp-content\/uploads\/2013\/04\/DSC04276-300x225.jpg\" \/>\n<meta name=\"twitter:card\" content=\"summary_large_image\" \/>\n<script type=\"application\/ld+json\" class=\"yoast-schema-graph\">{\"@context\":\"https:\/\/schema.org\",\"@graph\":[{\"@type\":\"WebPage\",\"@id\":\"https:\/\/cox.pl84fun.eu\/?page_id=172\",\"url\":\"https:\/\/cox.pl84fun.eu\/?page_id=172\",\"name\":\"Remplacement de l'embrayage - Cox 4 fun\",\"isPartOf\":{\"@id\":\"https:\/\/cox.pl84fun.eu\/#website\"},\"primaryImageOfPage\":{\"@id\":\"https:\/\/cox.pl84fun.eu\/?page_id=172#primaryimage\"},\"image\":{\"@id\":\"https:\/\/cox.pl84fun.eu\/?page_id=172#primaryimage\"},\"thumbnailUrl\":\"http:\/\/cox.pl84fun.eu\/wp-content\/uploads\/2013\/04\/DSC04276-300x225.jpg\",\"datePublished\":\"2013-04-27T18:42:10+00:00\",\"dateModified\":\"2013-04-27T18:53:21+00:00\",\"breadcrumb\":{\"@id\":\"https:\/\/cox.pl84fun.eu\/?page_id=172#breadcrumb\"},\"inLanguage\":\"fr-FR\",\"potentialAction\":[{\"@type\":\"ReadAction\",\"target\":[\"https:\/\/cox.pl84fun.eu\/?page_id=172\"]}]},{\"@type\":\"ImageObject\",\"inLanguage\":\"fr-FR\",\"@id\":\"https:\/\/cox.pl84fun.eu\/?page_id=172#primaryimage\",\"url\":\"https:\/\/cox.pl84fun.eu\/wp-content\/uploads\/2013\/04\/DSC04276.jpg\",\"contentUrl\":\"https:\/\/cox.pl84fun.eu\/wp-content\/uploads\/2013\/04\/DSC04276.jpg\",\"width\":800,\"height\":600},{\"@type\":\"BreadcrumbList\",\"@id\":\"https:\/\/cox.pl84fun.eu\/?page_id=172#breadcrumb\",\"itemListElement\":[{\"@type\":\"ListItem\",\"position\":1,\"name\":\"Accueil\",\"item\":\"https:\/\/cox.pl84fun.eu\/\"},{\"@type\":\"ListItem\",\"position\":2,\"name\":\"Restauration cox 1303S\",\"item\":\"https:\/\/cox.pl84fun.eu\/?page_id=145\"},{\"@type\":\"ListItem\",\"position\":3,\"name\":\"Remplacement de l&#8217;embrayage\"}]},{\"@type\":\"WebSite\",\"@id\":\"https:\/\/cox.pl84fun.eu\/#website\",\"url\":\"https:\/\/cox.pl84fun.eu\/\",\"name\":\"Cox 4 fun\",\"description\":\"Un amour pour les cox depuis que j&#039;ai vu Choupette et son c\u00e9l\u00e8bre n\u00b053.\",\"potentialAction\":[{\"@type\":\"SearchAction\",\"target\":{\"@type\":\"EntryPoint\",\"urlTemplate\":\"https:\/\/cox.pl84fun.eu\/?s={search_term_string}\"},\"query-input\":{\"@type\":\"PropertyValueSpecification\",\"valueRequired\":true,\"valueName\":\"search_term_string\"}}],\"inLanguage\":\"fr-FR\"}]}<\/script>\n<!-- \/ Yoast SEO plugin. -->","yoast_head_json":{"title":"Remplacement de l'embrayage - Cox 4 fun","robots":{"index":"noindex","follow":"follow","max-snippet":"max-snippet:-1","max-image-preview":"max-image-preview:large","max-video-preview":"max-video-preview:-1"},"og_locale":"fr_FR","og_type":"article","og_title":"Remplacement de l'embrayage - Cox 4 fun","og_description":"L&#8217;embrayage pr\u00e9sent sur le 1600cc est encore celui d&rsquo;origine et il est donc temps de le remplacer. Le nouvel embrayage \u00e9tait dans le lot de pi\u00e8ces accompagnant la cox. Je me suis donc attel\u00e9 \u00e0 son remplacement et honn\u00eatement, je dirais juste deux mots, ultra simple. J&rsquo;en ai profit\u00e9 pour \u2026 Continue reading &rarr;","og_url":"https:\/\/cox.pl84fun.eu\/?page_id=172","og_site_name":"Cox 4 fun","article_modified_time":"2013-04-27T18:53:21+00:00","og_image":[{"url":"http:\/\/cox.pl84fun.eu\/wp-content\/uploads\/2013\/04\/DSC04276-300x225.jpg","type":"","width":"","height":""}],"twitter_card":"summary_large_image","schema":{"@context":"https:\/\/schema.org","@graph":[{"@type":"WebPage","@id":"https:\/\/cox.pl84fun.eu\/?page_id=172","url":"https:\/\/cox.pl84fun.eu\/?page_id=172","name":"Remplacement de l'embrayage - Cox 4 fun","isPartOf":{"@id":"https:\/\/cox.pl84fun.eu\/#website"},"primaryImageOfPage":{"@id":"https:\/\/cox.pl84fun.eu\/?page_id=172#primaryimage"},"image":{"@id":"https:\/\/cox.pl84fun.eu\/?page_id=172#primaryimage"},"thumbnailUrl":"http:\/\/cox.pl84fun.eu\/wp-content\/uploads\/2013\/04\/DSC04276-300x225.jpg","datePublished":"2013-04-27T18:42:10+00:00","dateModified":"2013-04-27T18:53:21+00:00","breadcrumb":{"@id":"https:\/\/cox.pl84fun.eu\/?page_id=172#breadcrumb"},"inLanguage":"fr-FR","potentialAction":[{"@type":"ReadAction","target":["https:\/\/cox.pl84fun.eu\/?page_id=172"]}]},{"@type":"ImageObject","inLanguage":"fr-FR","@id":"https:\/\/cox.pl84fun.eu\/?page_id=172#primaryimage","url":"https:\/\/cox.pl84fun.eu\/wp-content\/uploads\/2013\/04\/DSC04276.jpg","contentUrl":"https:\/\/cox.pl84fun.eu\/wp-content\/uploads\/2013\/04\/DSC04276.jpg","width":800,"height":600},{"@type":"BreadcrumbList","@id":"https:\/\/cox.pl84fun.eu\/?page_id=172#breadcrumb","itemListElement":[{"@type":"ListItem","position":1,"name":"Accueil","item":"https:\/\/cox.pl84fun.eu\/"},{"@type":"ListItem","position":2,"name":"Restauration cox 1303S","item":"https:\/\/cox.pl84fun.eu\/?page_id=145"},{"@type":"ListItem","position":3,"name":"Remplacement de l&#8217;embrayage"}]},{"@type":"WebSite","@id":"https:\/\/cox.pl84fun.eu\/#website","url":"https:\/\/cox.pl84fun.eu\/","name":"Cox 4 fun","description":"Un amour pour les cox depuis que j&#039;ai vu Choupette et son c\u00e9l\u00e8bre n\u00b053.","potentialAction":[{"@type":"SearchAction","target":{"@type":"EntryPoint","urlTemplate":"https:\/\/cox.pl84fun.eu\/?s={search_term_string}"},"query-input":{"@type":"PropertyValueSpecification","valueRequired":true,"valueName":"search_term_string"}}],"inLanguage":"fr-FR"}]}},"_links":{"self":[{"href":"https:\/\/cox.pl84fun.eu\/index.php?rest_route=\/wp\/v2\/pages\/172","targetHints":{"allow":["GET"]}}],"collection":[{"href":"https:\/\/cox.pl84fun.eu\/index.php?rest_route=\/wp\/v2\/pages"}],"about":[{"href":"https:\/\/cox.pl84fun.eu\/index.php?rest_route=\/wp\/v2\/types\/page"}],"author":[{"embeddable":true,"href":"https:\/\/cox.pl84fun.eu\/index.php?rest_route=\/wp\/v2\/users\/1"}],"replies":[{"embeddable":true,"href":"https:\/\/cox.pl84fun.eu\/index.php?rest_route=%2Fwp%2Fv2%2Fcomments&post=172"}],"version-history":[{"count":0,"href":"https:\/\/cox.pl84fun.eu\/index.php?rest_route=\/wp\/v2\/pages\/172\/revisions"}],"up":[{"embeddable":true,"href":"https:\/\/cox.pl84fun.eu\/index.php?rest_route=\/wp\/v2\/pages\/145"}],"wp:attachment":[{"href":"https:\/\/cox.pl84fun.eu\/index.php?rest_route=%2Fwp%2Fv2%2Fmedia&parent=172"}],"curies":[{"name":"wp","href":"https:\/\/api.w.org\/{rel}","templated":true}]}}