{"id":151,"date":"2013-04-17T17:32:58","date_gmt":"2013-04-17T16:32:58","guid":{"rendered":"http:\/\/cox.pl84fun.eu\/?page_id=151"},"modified":"2019-04-29T19:38:01","modified_gmt":"2019-04-29T18:38:01","slug":"dechargement-de-la-cox","status":"publish","type":"page","link":"https:\/\/cox.pl84fun.eu\/?page_id=151","title":{"rendered":"D\u00e9chargement de la cox"},"content":{"rendered":"<p>Apr\u00e8s \u00eatre rentr\u00e9 \u00e0 bon port, je me suis attaqu\u00e9 au d\u00e9chargement de la cox le dimanche sachant que le garage \u00e9tait d\u00e9j\u00e0 rempli \u00e0 moiti\u00e9 avec les pi\u00e8ces de la 1303L. Je vous laisse imaginer maintenant.<\/p>\n<div class=\"flagallery phantom_skin\" id=\"FlaGallery_sc1_14\" ><style type=\"text\/css\" class=\"flagallery_skin_style_import\">#FlaGallery_sc1_14 .flagPhantom_ThumbContainer {width:200px; height:180px;}#FlaGallery_sc1_14 .flagPhantom_MobileView .flagPhantom_ThumbContainer {width:150px; height:135px;}#FlaGallery_sc1_14 .flagPhantom_Container {margin-left:auto;margin-right:auto;}#FlaGallery_sc1_14 .flagPhantom_ThumbContainer {margin:8px 0 0 8px;}#FlaGallery_sc1_14 .flagPhantom_ThumbContainer {padding:2px;}#FlaGallery_sc1_14 .flagPhantom_LabelBottom .flagPhantom_ThumbContainer {padding-bottom:36px;}#FlaGallery_sc1_14 .flagPhantom_ThumbContainer,#FlaGallery_sc1_14 .flagPhantom_LabelBottom .flagPhantom_ThumbLabel {background-color:#ffffff;}#FlaGallery_sc1_14 .flagPhantom_ThumbContainer .flagPhantom_Thumb {opacity:0.9;}#FlaGallery_sc1_14 .flagPhantom_ThumbContainer:hover .flagPhantom_Thumb {opacity:1;}#FlaGallery_sc1_14 .flagPhantom_ThumbContainer {border:1px solid #cccccc;}#FlaGallery_sc1_14 .flagPhantom_ThumbContainer {box-shadow:0 0 5px -2px #cccccc;}#FlaGallery_sc1_14 .flagPhantom_ThumbLabel {color:#0b0b0b;}#FlaGallery_sc1_14 .flagPhantom_ThumbLabel a {color:#3695E7;}#FlaGallery_sc1_14 .flagPhantom_LabelInside .flagPhantom_ThumbLabel,#FlaGallery_sc1_14 .flagPhantom_LabelHover .flagPhantom_ThumbLabel {color:#ffffff;}#FlaGallery_sc1_14 .flagPhantom_LabelInside .flagPhantom_ThumbLabel a,#FlaGallery_sc1_14 .flagPhantom_LabelHover .flagPhantom_ThumbLabel a,#FlaGallery_sc1_14 .flagPhantom_LabelInside .flagPhantom_ThumbLabel a:hover,#FlaGallery_sc1_14 .flagPhantom_LabelHover .flagPhantom_ThumbLabel a:hover {color:#e7e179;}<\/style> <div class=\"flagPhantom_Container noLightbox\" style=\"opacity:0\"> <h3>D\u00e9chargement de la cox<\/h3> <div class=\"flagPhantom_thumbsWrapper flagPhantom_ThumbScale flagPhantom_LabelHover\"> <\/div> <\/div> <script type=\"text\/javascript\"> jQuery(function(){ var settings = {\"maxheight\":\"0\",\"thumbCols\":\"0\",\"thumbRows\":\"0\",\"thumbsNavigation\":\"scroll\",\"bgColor\":\"#ffffff\",\"bgAlpha\":\"0\",\"thumbWidth\":\"200\",\"thumbHeight\":\"180\",\"thumbWidthMobile\":\"150\",\"thumbHeightMobile\":\"135\",\"thumbsSpacing\":\"8\",\"thumbsVerticalPadding\":\"4\",\"thumbsHorizontalPadding\":\"4\",\"thumbsAlign\":\"center\",\"thumbScale\":\"1\",\"thumbBG\":\"#ffffff\",\"thumbAlpha\":\"90\",\"thumbAlphaHover\":\"100\",\"thumbBorderSize\":\"1\",\"thumbBorderColor\":\"#cccccc\",\"thumbPadding\":\"2\",\"thumbsInfo\":\"label\",\"labelOnHover\":\"1\",\"labelTextColor\":\"#ffffff\",\"labelLinkColor\":\"#e7e179\",\"label8TextColor\":\"#0b0b0b\",\"label8LinkColor\":\"#3695E7\",\"tooltipTextColor\":\"#0b0b0b\",\"tooltipBgColor\":\"#ffffff\",\"tooltipStrokeColor\":\"#000000\",\"lightboxControlsColor\":\"#ffffff\",\"lightboxTitleColor\":\"#f3f3f3\",\"lightboxTextColor\":\"#f3f3f3\",\"lightboxBGColor\":\"#0b0b0b\",\"lightboxBGAlpha\":\"80\",\"socialShareEnabled\":\"1\",\"deepLinks\":\"1\",\"sidebarBGColor\":\"#ffffff\",\"lightbox800HideArrows\":\"0\",\"viewsEnabled\":\"1\",\"likesEnabled\":\"1\",\"thumb2link\":\"0\",\"show_title\":\"1\",\"initRPdelay\":\"200\",\"key\":\"\",\"name\":\"\",\"mfp_css\":\"\\r\\n#mfp_gm_sc1_14 .mfp-arrow-right:after,\\r\\n#mfp_gm_sc1_14 .mfp-arrow-right .mfp-a {border-left-color:#ffffff;}\\r\\n#mfp_gm_sc1_14 .mfp-arrow-left:after,\\r\\n#mfp_gm_sc1_14 .mfp-arrow-left .mfp-a {border-right-color:#ffffff;}\\r\\n#mfp_gm_sc1_14 .mfp-close,\\r\\n#mfp_gm_sc1_14 .mfp-likes,\\r\\n#mfp_gm_sc1_14 .mfp-share {color:#ffffff;}\\r\\n#mfp_gm_sc1_14 .mfp-preloader {background-color:#ffffff;}\\r\\n#mfp_gm_sc1_14 .flagPhantom_title,\\r\\n#mfp_gm_sc1_14 .mfp-counter {color:#f3f3f3;}\\r\\n#mfp_gm_sc1_14 .flagPhantom_text {color:#f3f3f3;}\\r\\n#mfp_gm_sc1_14_bg.mfp-bg {background-color:#0b0b0b;}\\r\\n#mfp_gm_sc1_14_bg.mfp-bg {opacity:0.8;}\\r\\n#mfp_gm_sc1_14_bg.mfp-zoom-in.mfp-bg {opacity:0}\\r\\n#mfp_gm_sc1_14_bg.mfp-zoom-in.mfp-ready.mfp-bg {opacity:0.8;}\\r\\n#mfp_gm_sc1_14_bg.mfp-zoom-in.mfp-removing.mfp-bg {opacity:0}\"}; jQuery('#FlaGallery_sc1_14').flagPhantom([settings]); }); <\/script><\/div><noscript id=\"noscript_FlaGallery_sc1_14\"><\/noscript>\n","protected":false},"excerpt":{"rendered":"<p>Apr\u00e8s \u00eatre rentr\u00e9 \u00e0 bon port, je me suis attaqu\u00e9 au d\u00e9chargement de la cox le dimanche sachant que le garage \u00e9tait d\u00e9j\u00e0 rempli \u00e0 moiti\u00e9 avec les pi\u00e8ces de la 1303L. Je vous laisse imaginer maintenant.<\/p>\n","protected":false},"author":1,"featured_media":0,"parent":145,"menu_order":2,"comment_status":"closed","ping_status":"closed","template":"","meta":{"footnotes":""},"class_list":["post-151","page","type-page","status-publish","hentry"],"yoast_head":"<!-- This site is optimized with the Yoast SEO plugin v24.1 - https:\/\/yoast.com\/wordpress\/plugins\/seo\/ -->\n<title>D\u00e9chargement de la cox - Cox 4 fun<\/title>\n<meta name=\"robots\" content=\"noindex, follow, max-snippet:-1, max-image-preview:large, max-video-preview:-1\" \/>\n<meta property=\"og:locale\" content=\"fr_FR\" \/>\n<meta property=\"og:type\" content=\"article\" \/>\n<meta property=\"og:title\" content=\"D\u00e9chargement de la cox - Cox 4 fun\" \/>\n<meta property=\"og:description\" content=\"Apr\u00e8s \u00eatre rentr\u00e9 \u00e0 bon port, je me suis attaqu\u00e9 au d\u00e9chargement de la cox le dimanche sachant que le garage \u00e9tait d\u00e9j\u00e0 rempli \u00e0 moiti\u00e9 avec les pi\u00e8ces de la 1303L. Je vous laisse imaginer maintenant.\" \/>\n<meta property=\"og:url\" content=\"https:\/\/cox.pl84fun.eu\/?page_id=151\" \/>\n<meta property=\"og:site_name\" content=\"Cox 4 fun\" \/>\n<meta property=\"article:modified_time\" content=\"2019-04-29T18:38:01+00:00\" \/>\n<meta name=\"twitter:card\" content=\"summary_large_image\" \/>\n<script type=\"application\/ld+json\" class=\"yoast-schema-graph\">{\"@context\":\"https:\/\/schema.org\",\"@graph\":[{\"@type\":\"WebPage\",\"@id\":\"https:\/\/cox.pl84fun.eu\/?page_id=151\",\"url\":\"https:\/\/cox.pl84fun.eu\/?page_id=151\",\"name\":\"D\u00e9chargement de la cox - Cox 4 fun\",\"isPartOf\":{\"@id\":\"https:\/\/cox.pl84fun.eu\/#website\"},\"datePublished\":\"2013-04-17T16:32:58+00:00\",\"dateModified\":\"2019-04-29T18:38:01+00:00\",\"breadcrumb\":{\"@id\":\"https:\/\/cox.pl84fun.eu\/?page_id=151#breadcrumb\"},\"inLanguage\":\"fr-FR\",\"potentialAction\":[{\"@type\":\"ReadAction\",\"target\":[\"https:\/\/cox.pl84fun.eu\/?page_id=151\"]}]},{\"@type\":\"BreadcrumbList\",\"@id\":\"https:\/\/cox.pl84fun.eu\/?page_id=151#breadcrumb\",\"itemListElement\":[{\"@type\":\"ListItem\",\"position\":1,\"name\":\"Accueil\",\"item\":\"https:\/\/cox.pl84fun.eu\/\"},{\"@type\":\"ListItem\",\"position\":2,\"name\":\"Restauration cox 1303S\",\"item\":\"https:\/\/cox.pl84fun.eu\/?page_id=145\"},{\"@type\":\"ListItem\",\"position\":3,\"name\":\"D\u00e9chargement de la cox\"}]},{\"@type\":\"WebSite\",\"@id\":\"https:\/\/cox.pl84fun.eu\/#website\",\"url\":\"https:\/\/cox.pl84fun.eu\/\",\"name\":\"Cox 4 fun\",\"description\":\"Un amour pour les cox depuis que j&#039;ai vu Choupette et son c\u00e9l\u00e8bre n\u00b053.\",\"potentialAction\":[{\"@type\":\"SearchAction\",\"target\":{\"@type\":\"EntryPoint\",\"urlTemplate\":\"https:\/\/cox.pl84fun.eu\/?s={search_term_string}\"},\"query-input\":{\"@type\":\"PropertyValueSpecification\",\"valueRequired\":true,\"valueName\":\"search_term_string\"}}],\"inLanguage\":\"fr-FR\"}]}<\/script>\n<!-- \/ Yoast SEO plugin. -->","yoast_head_json":{"title":"D\u00e9chargement de la cox - Cox 4 fun","robots":{"index":"noindex","follow":"follow","max-snippet":"max-snippet:-1","max-image-preview":"max-image-preview:large","max-video-preview":"max-video-preview:-1"},"og_locale":"fr_FR","og_type":"article","og_title":"D\u00e9chargement de la cox - Cox 4 fun","og_description":"Apr\u00e8s \u00eatre rentr\u00e9 \u00e0 bon port, je me suis attaqu\u00e9 au d\u00e9chargement de la cox le dimanche sachant que le garage \u00e9tait d\u00e9j\u00e0 rempli \u00e0 moiti\u00e9 avec les pi\u00e8ces de la 1303L. Je vous laisse imaginer maintenant.","og_url":"https:\/\/cox.pl84fun.eu\/?page_id=151","og_site_name":"Cox 4 fun","article_modified_time":"2019-04-29T18:38:01+00:00","twitter_card":"summary_large_image","schema":{"@context":"https:\/\/schema.org","@graph":[{"@type":"WebPage","@id":"https:\/\/cox.pl84fun.eu\/?page_id=151","url":"https:\/\/cox.pl84fun.eu\/?page_id=151","name":"D\u00e9chargement de la cox - Cox 4 fun","isPartOf":{"@id":"https:\/\/cox.pl84fun.eu\/#website"},"datePublished":"2013-04-17T16:32:58+00:00","dateModified":"2019-04-29T18:38:01+00:00","breadcrumb":{"@id":"https:\/\/cox.pl84fun.eu\/?page_id=151#breadcrumb"},"inLanguage":"fr-FR","potentialAction":[{"@type":"ReadAction","target":["https:\/\/cox.pl84fun.eu\/?page_id=151"]}]},{"@type":"BreadcrumbList","@id":"https:\/\/cox.pl84fun.eu\/?page_id=151#breadcrumb","itemListElement":[{"@type":"ListItem","position":1,"name":"Accueil","item":"https:\/\/cox.pl84fun.eu\/"},{"@type":"ListItem","position":2,"name":"Restauration cox 1303S","item":"https:\/\/cox.pl84fun.eu\/?page_id=145"},{"@type":"ListItem","position":3,"name":"D\u00e9chargement de la cox"}]},{"@type":"WebSite","@id":"https:\/\/cox.pl84fun.eu\/#website","url":"https:\/\/cox.pl84fun.eu\/","name":"Cox 4 fun","description":"Un amour pour les cox depuis que j&#039;ai vu Choupette et son c\u00e9l\u00e8bre n\u00b053.","potentialAction":[{"@type":"SearchAction","target":{"@type":"EntryPoint","urlTemplate":"https:\/\/cox.pl84fun.eu\/?s={search_term_string}"},"query-input":{"@type":"PropertyValueSpecification","valueRequired":true,"valueName":"search_term_string"}}],"inLanguage":"fr-FR"}]}},"_links":{"self":[{"href":"https:\/\/cox.pl84fun.eu\/index.php?rest_route=\/wp\/v2\/pages\/151","targetHints":{"allow":["GET"]}}],"collection":[{"href":"https:\/\/cox.pl84fun.eu\/index.php?rest_route=\/wp\/v2\/pages"}],"about":[{"href":"https:\/\/cox.pl84fun.eu\/index.php?rest_route=\/wp\/v2\/types\/page"}],"author":[{"embeddable":true,"href":"https:\/\/cox.pl84fun.eu\/index.php?rest_route=\/wp\/v2\/users\/1"}],"replies":[{"embeddable":true,"href":"https:\/\/cox.pl84fun.eu\/index.php?rest_route=%2Fwp%2Fv2%2Fcomments&post=151"}],"version-history":[{"count":5,"href":"https:\/\/cox.pl84fun.eu\/index.php?rest_route=\/wp\/v2\/pages\/151\/revisions"}],"predecessor-version":[{"id":529,"href":"https:\/\/cox.pl84fun.eu\/index.php?rest_route=\/wp\/v2\/pages\/151\/revisions\/529"}],"up":[{"embeddable":true,"href":"https:\/\/cox.pl84fun.eu\/index.php?rest_route=\/wp\/v2\/pages\/145"}],"wp:attachment":[{"href":"https:\/\/cox.pl84fun.eu\/index.php?rest_route=%2Fwp%2Fv2%2Fmedia&parent=151"}],"curies":[{"name":"wp","href":"https:\/\/api.w.org\/{rel}","templated":true}]}}