{"id":147,"date":"2013-04-17T17:30:09","date_gmt":"2013-04-17T16:30:09","guid":{"rendered":"http:\/\/cox.pl84fun.eu\/?page_id=147"},"modified":"2013-04-17T17:30:21","modified_gmt":"2013-04-17T16:30:21","slug":"chargement-de-la-cox-et-du-moteur-apres-inspection","status":"publish","type":"page","link":"https:\/\/cox.pl84fun.eu\/?page_id=147","title":{"rendered":"Chargement de la cox et du moteur apr\u00e8s inspection"},"content":{"rendered":"<p>Coup de chance, le lundi, une annonce est mise en ligne sur notre site pr\u00e9f\u00e9r\u00e9 de petites annonces \u00ab\u00a0lepetitcoin\u00a0\u00bb et je tompe sur une 1303S avec moteur refait \u00e0 neuf enti\u00e8rement chrom\u00e9, \u00e0 terminer (rien de bien m\u00e9chant \u00e0 premi\u00e8re vue) et une coque ainsi qu&rsquo;un chassis dans un \u00e9tat bien plus propre que ma 1303L. Apr\u00e8s avoir pris contact avec le vendeur, nous allons voir la cox le samedi avec une remorque plateau et une deuxi\u00e8me remorque pour les pi\u00e8ces (au cas o\u00f9). Au final, on est rentr\u00e9 avec la cox, le moteur et les pi\u00e8ces. Reste encore quelques capots et 4 jantes modular (photos tr\u00e8s prochainement).<\/p>\n<div class=\"flagallery phantom_skin\" id=\"FlaGallery_sc1_13\" ><style type=\"text\/css\" class=\"flagallery_skin_style_import\">#FlaGallery_sc1_13 .flagPhantom_ThumbContainer {width:200px; height:180px;}#FlaGallery_sc1_13 .flagPhantom_MobileView .flagPhantom_ThumbContainer {width:150px; height:135px;}#FlaGallery_sc1_13 .flagPhantom_Container {margin-left:auto;margin-right:auto;}#FlaGallery_sc1_13 .flagPhantom_ThumbContainer {margin:8px 0 0 8px;}#FlaGallery_sc1_13 .flagPhantom_ThumbContainer {padding:2px;}#FlaGallery_sc1_13 .flagPhantom_LabelBottom .flagPhantom_ThumbContainer {padding-bottom:36px;}#FlaGallery_sc1_13 .flagPhantom_ThumbContainer,#FlaGallery_sc1_13 .flagPhantom_LabelBottom .flagPhantom_ThumbLabel {background-color:#ffffff;}#FlaGallery_sc1_13 .flagPhantom_ThumbContainer .flagPhantom_Thumb {opacity:0.9;}#FlaGallery_sc1_13 .flagPhantom_ThumbContainer:hover .flagPhantom_Thumb {opacity:1;}#FlaGallery_sc1_13 .flagPhantom_ThumbContainer {border:1px solid #cccccc;}#FlaGallery_sc1_13 .flagPhantom_ThumbContainer {box-shadow:0 0 5px -2px #cccccc;}#FlaGallery_sc1_13 .flagPhantom_ThumbLabel {color:#0b0b0b;}#FlaGallery_sc1_13 .flagPhantom_ThumbLabel a {color:#3695E7;}#FlaGallery_sc1_13 .flagPhantom_LabelInside .flagPhantom_ThumbLabel,#FlaGallery_sc1_13 .flagPhantom_LabelHover .flagPhantom_ThumbLabel {color:#ffffff;}#FlaGallery_sc1_13 .flagPhantom_LabelInside .flagPhantom_ThumbLabel a,#FlaGallery_sc1_13 .flagPhantom_LabelHover .flagPhantom_ThumbLabel a,#FlaGallery_sc1_13 .flagPhantom_LabelInside .flagPhantom_ThumbLabel a:hover,#FlaGallery_sc1_13 .flagPhantom_LabelHover .flagPhantom_ThumbLabel a:hover {color:#e7e179;}<\/style> <div class=\"flagPhantom_Container noLightbox\" style=\"opacity:0\"> <h3>Chargement de la cox apr\u00e8s inspection ainsi que du moteur<\/h3> <div class=\"flagPhantom_thumbsWrapper flagPhantom_ThumbScale flagPhantom_LabelHover\"> <\/div> <\/div> <script type=\"text\/javascript\"> jQuery(function(){ var settings = {\"maxheight\":\"0\",\"thumbCols\":\"0\",\"thumbRows\":\"0\",\"thumbsNavigation\":\"scroll\",\"bgColor\":\"#ffffff\",\"bgAlpha\":\"0\",\"thumbWidth\":\"200\",\"thumbHeight\":\"180\",\"thumbWidthMobile\":\"150\",\"thumbHeightMobile\":\"135\",\"thumbsSpacing\":\"8\",\"thumbsVerticalPadding\":\"4\",\"thumbsHorizontalPadding\":\"4\",\"thumbsAlign\":\"center\",\"thumbScale\":\"1\",\"thumbBG\":\"#ffffff\",\"thumbAlpha\":\"90\",\"thumbAlphaHover\":\"100\",\"thumbBorderSize\":\"1\",\"thumbBorderColor\":\"#cccccc\",\"thumbPadding\":\"2\",\"thumbsInfo\":\"label\",\"labelOnHover\":\"1\",\"labelTextColor\":\"#ffffff\",\"labelLinkColor\":\"#e7e179\",\"label8TextColor\":\"#0b0b0b\",\"label8LinkColor\":\"#3695E7\",\"tooltipTextColor\":\"#0b0b0b\",\"tooltipBgColor\":\"#ffffff\",\"tooltipStrokeColor\":\"#000000\",\"lightboxControlsColor\":\"#ffffff\",\"lightboxTitleColor\":\"#f3f3f3\",\"lightboxTextColor\":\"#f3f3f3\",\"lightboxBGColor\":\"#0b0b0b\",\"lightboxBGAlpha\":\"80\",\"socialShareEnabled\":\"1\",\"deepLinks\":\"1\",\"sidebarBGColor\":\"#ffffff\",\"lightbox800HideArrows\":\"0\",\"viewsEnabled\":\"1\",\"likesEnabled\":\"1\",\"thumb2link\":\"0\",\"show_title\":\"1\",\"initRPdelay\":\"200\",\"key\":\"\",\"name\":\"\",\"mfp_css\":\"\\r\\n#mfp_gm_sc1_13 .mfp-arrow-right:after,\\r\\n#mfp_gm_sc1_13 .mfp-arrow-right .mfp-a {border-left-color:#ffffff;}\\r\\n#mfp_gm_sc1_13 .mfp-arrow-left:after,\\r\\n#mfp_gm_sc1_13 .mfp-arrow-left .mfp-a {border-right-color:#ffffff;}\\r\\n#mfp_gm_sc1_13 .mfp-close,\\r\\n#mfp_gm_sc1_13 .mfp-likes,\\r\\n#mfp_gm_sc1_13 .mfp-share {color:#ffffff;}\\r\\n#mfp_gm_sc1_13 .mfp-preloader {background-color:#ffffff;}\\r\\n#mfp_gm_sc1_13 .flagPhantom_title,\\r\\n#mfp_gm_sc1_13 .mfp-counter {color:#f3f3f3;}\\r\\n#mfp_gm_sc1_13 .flagPhantom_text {color:#f3f3f3;}\\r\\n#mfp_gm_sc1_13_bg.mfp-bg {background-color:#0b0b0b;}\\r\\n#mfp_gm_sc1_13_bg.mfp-bg {opacity:0.8;}\\r\\n#mfp_gm_sc1_13_bg.mfp-zoom-in.mfp-bg {opacity:0}\\r\\n#mfp_gm_sc1_13_bg.mfp-zoom-in.mfp-ready.mfp-bg {opacity:0.8;}\\r\\n#mfp_gm_sc1_13_bg.mfp-zoom-in.mfp-removing.mfp-bg {opacity:0}\"}; jQuery('#FlaGallery_sc1_13').flagPhantom([settings]); }); <\/script><\/div><noscript id=\"noscript_FlaGallery_sc1_13\"><\/noscript>\n","protected":false},"excerpt":{"rendered":"<p>Coup de chance, le lundi, une annonce est mise en ligne sur notre site pr\u00e9f\u00e9r\u00e9 de petites annonces \u00ab\u00a0lepetitcoin\u00a0\u00bb et je tompe sur une 1303S avec moteur refait \u00e0 neuf enti\u00e8rement chrom\u00e9, \u00e0 terminer (rien de bien m\u00e9chant \u00e0 premi\u00e8re vue) et une coque ainsi qu&rsquo;un chassis dans un \u00e9tat \u2026 <a class=\"continue-reading-link\" href=\"https:\/\/cox.pl84fun.eu\/?page_id=147\"> Continue reading <span class=\"meta-nav\">&rarr; <\/span><\/a><\/p>\n","protected":false},"author":1,"featured_media":0,"parent":145,"menu_order":1,"comment_status":"closed","ping_status":"closed","template":"","meta":{"footnotes":""},"class_list":["post-147","page","type-page","status-publish","hentry"],"yoast_head":"<!-- This site is optimized with the Yoast SEO plugin v24.1 - https:\/\/yoast.com\/wordpress\/plugins\/seo\/ -->\n<title>Chargement de la cox et du moteur apr\u00e8s inspection - Cox 4 fun<\/title>\n<meta name=\"robots\" content=\"noindex, follow, max-snippet:-1, max-image-preview:large, max-video-preview:-1\" \/>\n<meta property=\"og:locale\" content=\"fr_FR\" \/>\n<meta property=\"og:type\" content=\"article\" \/>\n<meta property=\"og:title\" content=\"Chargement de la cox et du moteur apr\u00e8s inspection - Cox 4 fun\" \/>\n<meta property=\"og:description\" content=\"Coup de chance, le lundi, une annonce est mise en ligne sur notre site pr\u00e9f\u00e9r\u00e9 de petites annonces \u00ab\u00a0lepetitcoin\u00a0\u00bb et je tompe sur une 1303S avec moteur refait \u00e0 neuf enti\u00e8rement chrom\u00e9, \u00e0 terminer (rien de bien m\u00e9chant \u00e0 premi\u00e8re vue) et une coque ainsi qu&rsquo;un chassis dans un \u00e9tat \u2026 Continue reading &rarr;\" \/>\n<meta property=\"og:url\" content=\"https:\/\/cox.pl84fun.eu\/?page_id=147\" \/>\n<meta property=\"og:site_name\" content=\"Cox 4 fun\" \/>\n<meta property=\"article:modified_time\" content=\"2013-04-17T16:30:21+00:00\" \/>\n<meta name=\"twitter:card\" content=\"summary_large_image\" \/>\n<meta name=\"twitter:label1\" content=\"Dur\u00e9e de lecture estim\u00e9e\" \/>\n\t<meta name=\"twitter:data1\" content=\"1 minute\" \/>\n<script type=\"application\/ld+json\" class=\"yoast-schema-graph\">{\"@context\":\"https:\/\/schema.org\",\"@graph\":[{\"@type\":\"WebPage\",\"@id\":\"https:\/\/cox.pl84fun.eu\/?page_id=147\",\"url\":\"https:\/\/cox.pl84fun.eu\/?page_id=147\",\"name\":\"Chargement de la cox et du moteur apr\u00e8s inspection - Cox 4 fun\",\"isPartOf\":{\"@id\":\"https:\/\/cox.pl84fun.eu\/#website\"},\"datePublished\":\"2013-04-17T16:30:09+00:00\",\"dateModified\":\"2013-04-17T16:30:21+00:00\",\"breadcrumb\":{\"@id\":\"https:\/\/cox.pl84fun.eu\/?page_id=147#breadcrumb\"},\"inLanguage\":\"fr-FR\",\"potentialAction\":[{\"@type\":\"ReadAction\",\"target\":[\"https:\/\/cox.pl84fun.eu\/?page_id=147\"]}]},{\"@type\":\"BreadcrumbList\",\"@id\":\"https:\/\/cox.pl84fun.eu\/?page_id=147#breadcrumb\",\"itemListElement\":[{\"@type\":\"ListItem\",\"position\":1,\"name\":\"Accueil\",\"item\":\"https:\/\/cox.pl84fun.eu\/\"},{\"@type\":\"ListItem\",\"position\":2,\"name\":\"Restauration cox 1303S\",\"item\":\"https:\/\/cox.pl84fun.eu\/?page_id=145\"},{\"@type\":\"ListItem\",\"position\":3,\"name\":\"Chargement de la cox et du moteur apr\u00e8s inspection\"}]},{\"@type\":\"WebSite\",\"@id\":\"https:\/\/cox.pl84fun.eu\/#website\",\"url\":\"https:\/\/cox.pl84fun.eu\/\",\"name\":\"Cox 4 fun\",\"description\":\"Un amour pour les cox depuis que j&#039;ai vu Choupette et son c\u00e9l\u00e8bre n\u00b053.\",\"potentialAction\":[{\"@type\":\"SearchAction\",\"target\":{\"@type\":\"EntryPoint\",\"urlTemplate\":\"https:\/\/cox.pl84fun.eu\/?s={search_term_string}\"},\"query-input\":{\"@type\":\"PropertyValueSpecification\",\"valueRequired\":true,\"valueName\":\"search_term_string\"}}],\"inLanguage\":\"fr-FR\"}]}<\/script>\n<!-- \/ Yoast SEO plugin. -->","yoast_head_json":{"title":"Chargement de la cox et du moteur apr\u00e8s inspection - Cox 4 fun","robots":{"index":"noindex","follow":"follow","max-snippet":"max-snippet:-1","max-image-preview":"max-image-preview:large","max-video-preview":"max-video-preview:-1"},"og_locale":"fr_FR","og_type":"article","og_title":"Chargement de la cox et du moteur apr\u00e8s inspection - Cox 4 fun","og_description":"Coup de chance, le lundi, une annonce est mise en ligne sur notre site pr\u00e9f\u00e9r\u00e9 de petites annonces \u00ab\u00a0lepetitcoin\u00a0\u00bb et je tompe sur une 1303S avec moteur refait \u00e0 neuf enti\u00e8rement chrom\u00e9, \u00e0 terminer (rien de bien m\u00e9chant \u00e0 premi\u00e8re vue) et une coque ainsi qu&rsquo;un chassis dans un \u00e9tat \u2026 Continue reading &rarr;","og_url":"https:\/\/cox.pl84fun.eu\/?page_id=147","og_site_name":"Cox 4 fun","article_modified_time":"2013-04-17T16:30:21+00:00","twitter_card":"summary_large_image","twitter_misc":{"Dur\u00e9e de lecture estim\u00e9e":"1 minute"},"schema":{"@context":"https:\/\/schema.org","@graph":[{"@type":"WebPage","@id":"https:\/\/cox.pl84fun.eu\/?page_id=147","url":"https:\/\/cox.pl84fun.eu\/?page_id=147","name":"Chargement de la cox et du moteur apr\u00e8s inspection - Cox 4 fun","isPartOf":{"@id":"https:\/\/cox.pl84fun.eu\/#website"},"datePublished":"2013-04-17T16:30:09+00:00","dateModified":"2013-04-17T16:30:21+00:00","breadcrumb":{"@id":"https:\/\/cox.pl84fun.eu\/?page_id=147#breadcrumb"},"inLanguage":"fr-FR","potentialAction":[{"@type":"ReadAction","target":["https:\/\/cox.pl84fun.eu\/?page_id=147"]}]},{"@type":"BreadcrumbList","@id":"https:\/\/cox.pl84fun.eu\/?page_id=147#breadcrumb","itemListElement":[{"@type":"ListItem","position":1,"name":"Accueil","item":"https:\/\/cox.pl84fun.eu\/"},{"@type":"ListItem","position":2,"name":"Restauration cox 1303S","item":"https:\/\/cox.pl84fun.eu\/?page_id=145"},{"@type":"ListItem","position":3,"name":"Chargement de la cox et du moteur apr\u00e8s inspection"}]},{"@type":"WebSite","@id":"https:\/\/cox.pl84fun.eu\/#website","url":"https:\/\/cox.pl84fun.eu\/","name":"Cox 4 fun","description":"Un amour pour les cox depuis que j&#039;ai vu Choupette et son c\u00e9l\u00e8bre n\u00b053.","potentialAction":[{"@type":"SearchAction","target":{"@type":"EntryPoint","urlTemplate":"https:\/\/cox.pl84fun.eu\/?s={search_term_string}"},"query-input":{"@type":"PropertyValueSpecification","valueRequired":true,"valueName":"search_term_string"}}],"inLanguage":"fr-FR"}]}},"_links":{"self":[{"href":"https:\/\/cox.pl84fun.eu\/index.php?rest_route=\/wp\/v2\/pages\/147","targetHints":{"allow":["GET"]}}],"collection":[{"href":"https:\/\/cox.pl84fun.eu\/index.php?rest_route=\/wp\/v2\/pages"}],"about":[{"href":"https:\/\/cox.pl84fun.eu\/index.php?rest_route=\/wp\/v2\/types\/page"}],"author":[{"embeddable":true,"href":"https:\/\/cox.pl84fun.eu\/index.php?rest_route=\/wp\/v2\/users\/1"}],"replies":[{"embeddable":true,"href":"https:\/\/cox.pl84fun.eu\/index.php?rest_route=%2Fwp%2Fv2%2Fcomments&post=147"}],"version-history":[{"count":0,"href":"https:\/\/cox.pl84fun.eu\/index.php?rest_route=\/wp\/v2\/pages\/147\/revisions"}],"up":[{"embeddable":true,"href":"https:\/\/cox.pl84fun.eu\/index.php?rest_route=\/wp\/v2\/pages\/145"}],"wp:attachment":[{"href":"https:\/\/cox.pl84fun.eu\/index.php?rest_route=%2Fwp%2Fv2%2Fmedia&parent=147"}],"curies":[{"name":"wp","href":"https:\/\/api.w.org\/{rel}","templated":true}]}}