{"id":145,"date":"2013-04-17T17:18:54","date_gmt":"2013-04-17T16:18:54","guid":{"rendered":"http:\/\/cox.pl84fun.eu\/?page_id=145"},"modified":"2013-04-17T17:30:37","modified_gmt":"2013-04-17T16:30:37","slug":"restauration-cox-1303s","status":"publish","type":"page","link":"https:\/\/cox.pl84fun.eu\/?page_id=145","title":{"rendered":"Restauration cox 1303S"},"content":{"rendered":"<p>Cette cat\u00e9gorie va porter sur la restauration de ma 1303S. La 1303L vas servir de banque de pi\u00e8ces et la coque ainsi que le chassis vont tr\u00e8s certainement partir \u00e0 la ferraille car beaucoup trop rouill\u00e9s (M\u00eame la poutre est mal au point). Alors fini de parler et place \u00e0 la restauration.<\/p>\n","protected":false},"excerpt":{"rendered":"<p>Cette cat\u00e9gorie va porter sur la restauration de ma 1303S. La 1303L vas servir de banque de pi\u00e8ces et la coque ainsi que le chassis vont tr\u00e8s certainement partir \u00e0 la ferraille car beaucoup trop rouill\u00e9s (M\u00eame la poutre est mal au point). Alors fini de parler et place \u00e0 \u2026 <a class=\"continue-reading-link\" href=\"https:\/\/cox.pl84fun.eu\/?page_id=145\"> Continue reading <span class=\"meta-nav\">&rarr; <\/span><\/a><\/p>\n","protected":false},"author":1,"featured_media":0,"parent":0,"menu_order":6,"comment_status":"closed","ping_status":"closed","template":"","meta":{"footnotes":""},"class_list":["post-145","page","type-page","status-publish","hentry"],"yoast_head":"<!-- This site is optimized with the Yoast SEO plugin v24.1 - https:\/\/yoast.com\/wordpress\/plugins\/seo\/ -->\n<title>Restauration cox 1303S - Cox 4 fun<\/title>\n<meta name=\"robots\" content=\"noindex, follow, max-snippet:-1, max-image-preview:large, max-video-preview:-1\" \/>\n<meta property=\"og:locale\" content=\"fr_FR\" \/>\n<meta property=\"og:type\" content=\"article\" \/>\n<meta property=\"og:title\" content=\"Restauration cox 1303S - Cox 4 fun\" \/>\n<meta property=\"og:description\" content=\"Cette cat\u00e9gorie va porter sur la restauration de ma 1303S. La 1303L vas servir de banque de pi\u00e8ces et la coque ainsi que le chassis vont tr\u00e8s certainement partir \u00e0 la ferraille car beaucoup trop rouill\u00e9s (M\u00eame la poutre est mal au point). Alors fini de parler et place \u00e0 \u2026 Continue reading &rarr;\" \/>\n<meta property=\"og:url\" content=\"https:\/\/cox.pl84fun.eu\/?page_id=145\" \/>\n<meta property=\"og:site_name\" content=\"Cox 4 fun\" \/>\n<meta property=\"article:modified_time\" content=\"2013-04-17T16:30:37+00:00\" \/>\n<meta name=\"twitter:card\" content=\"summary_large_image\" \/>\n<script type=\"application\/ld+json\" class=\"yoast-schema-graph\">{\"@context\":\"https:\/\/schema.org\",\"@graph\":[{\"@type\":\"WebPage\",\"@id\":\"https:\/\/cox.pl84fun.eu\/?page_id=145\",\"url\":\"https:\/\/cox.pl84fun.eu\/?page_id=145\",\"name\":\"Restauration cox 1303S - Cox 4 fun\",\"isPartOf\":{\"@id\":\"https:\/\/cox.pl84fun.eu\/#website\"},\"datePublished\":\"2013-04-17T16:18:54+00:00\",\"dateModified\":\"2013-04-17T16:30:37+00:00\",\"breadcrumb\":{\"@id\":\"https:\/\/cox.pl84fun.eu\/?page_id=145#breadcrumb\"},\"inLanguage\":\"fr-FR\",\"potentialAction\":[{\"@type\":\"ReadAction\",\"target\":[\"https:\/\/cox.pl84fun.eu\/?page_id=145\"]}]},{\"@type\":\"BreadcrumbList\",\"@id\":\"https:\/\/cox.pl84fun.eu\/?page_id=145#breadcrumb\",\"itemListElement\":[{\"@type\":\"ListItem\",\"position\":1,\"name\":\"Accueil\",\"item\":\"https:\/\/cox.pl84fun.eu\/\"},{\"@type\":\"ListItem\",\"position\":2,\"name\":\"Restauration cox 1303S\"}]},{\"@type\":\"WebSite\",\"@id\":\"https:\/\/cox.pl84fun.eu\/#website\",\"url\":\"https:\/\/cox.pl84fun.eu\/\",\"name\":\"Cox 4 fun\",\"description\":\"Un amour pour les cox depuis que j&#039;ai vu Choupette et son c\u00e9l\u00e8bre n\u00b053.\",\"potentialAction\":[{\"@type\":\"SearchAction\",\"target\":{\"@type\":\"EntryPoint\",\"urlTemplate\":\"https:\/\/cox.pl84fun.eu\/?s={search_term_string}\"},\"query-input\":{\"@type\":\"PropertyValueSpecification\",\"valueRequired\":true,\"valueName\":\"search_term_string\"}}],\"inLanguage\":\"fr-FR\"}]}<\/script>\n<!-- \/ Yoast SEO plugin. -->","yoast_head_json":{"title":"Restauration cox 1303S - Cox 4 fun","robots":{"index":"noindex","follow":"follow","max-snippet":"max-snippet:-1","max-image-preview":"max-image-preview:large","max-video-preview":"max-video-preview:-1"},"og_locale":"fr_FR","og_type":"article","og_title":"Restauration cox 1303S - Cox 4 fun","og_description":"Cette cat\u00e9gorie va porter sur la restauration de ma 1303S. La 1303L vas servir de banque de pi\u00e8ces et la coque ainsi que le chassis vont tr\u00e8s certainement partir \u00e0 la ferraille car beaucoup trop rouill\u00e9s (M\u00eame la poutre est mal au point). Alors fini de parler et place \u00e0 \u2026 Continue reading &rarr;","og_url":"https:\/\/cox.pl84fun.eu\/?page_id=145","og_site_name":"Cox 4 fun","article_modified_time":"2013-04-17T16:30:37+00:00","twitter_card":"summary_large_image","schema":{"@context":"https:\/\/schema.org","@graph":[{"@type":"WebPage","@id":"https:\/\/cox.pl84fun.eu\/?page_id=145","url":"https:\/\/cox.pl84fun.eu\/?page_id=145","name":"Restauration cox 1303S - Cox 4 fun","isPartOf":{"@id":"https:\/\/cox.pl84fun.eu\/#website"},"datePublished":"2013-04-17T16:18:54+00:00","dateModified":"2013-04-17T16:30:37+00:00","breadcrumb":{"@id":"https:\/\/cox.pl84fun.eu\/?page_id=145#breadcrumb"},"inLanguage":"fr-FR","potentialAction":[{"@type":"ReadAction","target":["https:\/\/cox.pl84fun.eu\/?page_id=145"]}]},{"@type":"BreadcrumbList","@id":"https:\/\/cox.pl84fun.eu\/?page_id=145#breadcrumb","itemListElement":[{"@type":"ListItem","position":1,"name":"Accueil","item":"https:\/\/cox.pl84fun.eu\/"},{"@type":"ListItem","position":2,"name":"Restauration cox 1303S"}]},{"@type":"WebSite","@id":"https:\/\/cox.pl84fun.eu\/#website","url":"https:\/\/cox.pl84fun.eu\/","name":"Cox 4 fun","description":"Un amour pour les cox depuis que j&#039;ai vu Choupette et son c\u00e9l\u00e8bre n\u00b053.","potentialAction":[{"@type":"SearchAction","target":{"@type":"EntryPoint","urlTemplate":"https:\/\/cox.pl84fun.eu\/?s={search_term_string}"},"query-input":{"@type":"PropertyValueSpecification","valueRequired":true,"valueName":"search_term_string"}}],"inLanguage":"fr-FR"}]}},"_links":{"self":[{"href":"https:\/\/cox.pl84fun.eu\/index.php?rest_route=\/wp\/v2\/pages\/145","targetHints":{"allow":["GET"]}}],"collection":[{"href":"https:\/\/cox.pl84fun.eu\/index.php?rest_route=\/wp\/v2\/pages"}],"about":[{"href":"https:\/\/cox.pl84fun.eu\/index.php?rest_route=\/wp\/v2\/types\/page"}],"author":[{"embeddable":true,"href":"https:\/\/cox.pl84fun.eu\/index.php?rest_route=\/wp\/v2\/users\/1"}],"replies":[{"embeddable":true,"href":"https:\/\/cox.pl84fun.eu\/index.php?rest_route=%2Fwp%2Fv2%2Fcomments&post=145"}],"version-history":[{"count":0,"href":"https:\/\/cox.pl84fun.eu\/index.php?rest_route=\/wp\/v2\/pages\/145\/revisions"}],"wp:attachment":[{"href":"https:\/\/cox.pl84fun.eu\/index.php?rest_route=%2Fwp%2Fv2%2Fmedia&parent=145"}],"curies":[{"name":"wp","href":"https:\/\/api.w.org\/{rel}","templated":true}]}}