{"id":127,"date":"2013-04-02T16:50:05","date_gmt":"2013-04-02T15:50:05","guid":{"rendered":"http:\/\/cox.pl84fun.eu\/?page_id=127"},"modified":"2013-04-06T19:43:54","modified_gmt":"2013-04-06T18:43:54","slug":"decoquage","status":"publish","type":"page","link":"https:\/\/cox.pl84fun.eu\/?page_id=127","title":{"rendered":"D\u00e9coquage"},"content":{"rendered":"<p>Dans la th\u00e9orie, rien de plus simple que le d\u00e9coquage, on d\u00e9boulonne la coque, on se met \u00e0 quatre et on l\u00e8ve. Dans la pratique, c&rsquo;est une tout autre histoire. On commence par d\u00e9boulonner la coque voir couper les boulons rouill\u00e9s. Jusque l\u00e0, tout va bien. Apr\u00e8s, on se rend compte que les longerons sont inexistants et qu&rsquo;ils ont \u00e9t\u00e9 remplac\u00e9s par des t\u00f4les soud\u00e9es \u00e0 la coque et au chassis. Un coup de disqueuse, deux ou trois coups de tournevis\/burin et tout est Ok. On essaye alors de soulever histoire de v\u00e9rifier que tout se s\u00e9pare et l\u00e0 OUPS, le chassis vient avec . Et oui, le nez de chassis a lui aussi \u00e9t\u00e9 soud\u00e9 \u00e0 la coque. Rebelote, un coup de disqueuse et le chassis se s\u00e9pare mais vient toujours avec.<\/p>\n<p>Qu&rsquo;est ce qui retient encore la coque? &#8230; C&rsquo;est la colonne de direction \u00a0qui refuse de sortir alors comme pr\u00e9c\u00e9demment, un coup de disqueuse dans les rotules et la MIRACLE, la coque se soul\u00e8ve et se s\u00e9pare du chassis.<\/p>\n<ul>\n<li>CA Y EST !!! La cox est d\u00e9coqu\u00e9e alors place aux photos.<\/li>\n<\/ul>\n<div class=\"flagallery phantom_skin\" id=\"FlaGallery_sc1_11\" ><style type=\"text\/css\" class=\"flagallery_skin_style_import\">#FlaGallery_sc1_11 .flagPhantom_ThumbContainer {width:200px; height:180px;}#FlaGallery_sc1_11 .flagPhantom_MobileView .flagPhantom_ThumbContainer {width:150px; height:135px;}#FlaGallery_sc1_11 .flagPhantom_Container {margin-left:auto;margin-right:auto;}#FlaGallery_sc1_11 .flagPhantom_ThumbContainer {margin:8px 0 0 8px;}#FlaGallery_sc1_11 .flagPhantom_ThumbContainer {padding:2px;}#FlaGallery_sc1_11 .flagPhantom_LabelBottom .flagPhantom_ThumbContainer {padding-bottom:36px;}#FlaGallery_sc1_11 .flagPhantom_ThumbContainer,#FlaGallery_sc1_11 .flagPhantom_LabelBottom .flagPhantom_ThumbLabel {background-color:#ffffff;}#FlaGallery_sc1_11 .flagPhantom_ThumbContainer .flagPhantom_Thumb {opacity:0.9;}#FlaGallery_sc1_11 .flagPhantom_ThumbContainer:hover .flagPhantom_Thumb {opacity:1;}#FlaGallery_sc1_11 .flagPhantom_ThumbContainer {border:1px solid #cccccc;}#FlaGallery_sc1_11 .flagPhantom_ThumbContainer {box-shadow:0 0 5px -2px #cccccc;}#FlaGallery_sc1_11 .flagPhantom_ThumbLabel {color:#0b0b0b;}#FlaGallery_sc1_11 .flagPhantom_ThumbLabel a {color:#3695E7;}#FlaGallery_sc1_11 .flagPhantom_LabelInside .flagPhantom_ThumbLabel,#FlaGallery_sc1_11 .flagPhantom_LabelHover .flagPhantom_ThumbLabel {color:#ffffff;}#FlaGallery_sc1_11 .flagPhantom_LabelInside .flagPhantom_ThumbLabel a,#FlaGallery_sc1_11 .flagPhantom_LabelHover .flagPhantom_ThumbLabel a,#FlaGallery_sc1_11 .flagPhantom_LabelInside .flagPhantom_ThumbLabel a:hover,#FlaGallery_sc1_11 .flagPhantom_LabelHover .flagPhantom_ThumbLabel a:hover {color:#e7e179;}<\/style> <div class=\"flagPhantom_Container noLightbox\" style=\"opacity:0\"> <h3>D\u00e9coquage<\/h3> <div class=\"flagPhantom_thumbsWrapper flagPhantom_ThumbScale flagPhantom_LabelHover\"> <\/div> <\/div> <script type=\"text\/javascript\"> jQuery(function(){ var settings = {\"maxheight\":\"0\",\"thumbCols\":\"0\",\"thumbRows\":\"0\",\"thumbsNavigation\":\"scroll\",\"bgColor\":\"#ffffff\",\"bgAlpha\":\"0\",\"thumbWidth\":\"200\",\"thumbHeight\":\"180\",\"thumbWidthMobile\":\"150\",\"thumbHeightMobile\":\"135\",\"thumbsSpacing\":\"8\",\"thumbsVerticalPadding\":\"4\",\"thumbsHorizontalPadding\":\"4\",\"thumbsAlign\":\"center\",\"thumbScale\":\"1\",\"thumbBG\":\"#ffffff\",\"thumbAlpha\":\"90\",\"thumbAlphaHover\":\"100\",\"thumbBorderSize\":\"1\",\"thumbBorderColor\":\"#cccccc\",\"thumbPadding\":\"2\",\"thumbsInfo\":\"label\",\"labelOnHover\":\"1\",\"labelTextColor\":\"#ffffff\",\"labelLinkColor\":\"#e7e179\",\"label8TextColor\":\"#0b0b0b\",\"label8LinkColor\":\"#3695E7\",\"tooltipTextColor\":\"#0b0b0b\",\"tooltipBgColor\":\"#ffffff\",\"tooltipStrokeColor\":\"#000000\",\"lightboxControlsColor\":\"#ffffff\",\"lightboxTitleColor\":\"#f3f3f3\",\"lightboxTextColor\":\"#f3f3f3\",\"lightboxBGColor\":\"#0b0b0b\",\"lightboxBGAlpha\":\"80\",\"socialShareEnabled\":\"1\",\"deepLinks\":\"1\",\"sidebarBGColor\":\"#ffffff\",\"lightbox800HideArrows\":\"0\",\"viewsEnabled\":\"1\",\"likesEnabled\":\"1\",\"thumb2link\":\"0\",\"show_title\":\"1\",\"initRPdelay\":\"200\",\"key\":\"\",\"name\":\"\",\"mfp_css\":\"\\r\\n#mfp_gm_sc1_11 .mfp-arrow-right:after,\\r\\n#mfp_gm_sc1_11 .mfp-arrow-right .mfp-a {border-left-color:#ffffff;}\\r\\n#mfp_gm_sc1_11 .mfp-arrow-left:after,\\r\\n#mfp_gm_sc1_11 .mfp-arrow-left .mfp-a {border-right-color:#ffffff;}\\r\\n#mfp_gm_sc1_11 .mfp-close,\\r\\n#mfp_gm_sc1_11 .mfp-likes,\\r\\n#mfp_gm_sc1_11 .mfp-share {color:#ffffff;}\\r\\n#mfp_gm_sc1_11 .mfp-preloader {background-color:#ffffff;}\\r\\n#mfp_gm_sc1_11 .flagPhantom_title,\\r\\n#mfp_gm_sc1_11 .mfp-counter {color:#f3f3f3;}\\r\\n#mfp_gm_sc1_11 .flagPhantom_text {color:#f3f3f3;}\\r\\n#mfp_gm_sc1_11_bg.mfp-bg {background-color:#0b0b0b;}\\r\\n#mfp_gm_sc1_11_bg.mfp-bg {opacity:0.8;}\\r\\n#mfp_gm_sc1_11_bg.mfp-zoom-in.mfp-bg {opacity:0}\\r\\n#mfp_gm_sc1_11_bg.mfp-zoom-in.mfp-ready.mfp-bg {opacity:0.8;}\\r\\n#mfp_gm_sc1_11_bg.mfp-zoom-in.mfp-removing.mfp-bg {opacity:0}\"}; jQuery('#FlaGallery_sc1_11').flagPhantom([settings]); }); <\/script><\/div><noscript id=\"noscript_FlaGallery_sc1_11\"><\/noscript>\n<p>PS: La premi\u00e8re photo \u00e9tant un peu floue, je vais essayer d&rsquo;en faire une autre le week-end prochain.<\/p>\n<p>EDIT: Une nouvelle photo a \u00e9t\u00e9 ajout\u00e9e et quelques autres en bonus.<\/p>\n","protected":false},"excerpt":{"rendered":"<p>Dans la th\u00e9orie, rien de plus simple que le d\u00e9coquage, on d\u00e9boulonne la coque, on se met \u00e0 quatre et on l\u00e8ve. Dans la pratique, c&rsquo;est une tout autre histoire. On commence par d\u00e9boulonner la coque voir couper les boulons rouill\u00e9s. Jusque l\u00e0, tout va bien. Apr\u00e8s, on se rend \u2026 <a class=\"continue-reading-link\" href=\"https:\/\/cox.pl84fun.eu\/?page_id=127\"> Continue reading <span class=\"meta-nav\">&rarr; <\/span><\/a><\/p>\n","protected":false},"author":1,"featured_media":0,"parent":27,"menu_order":8,"comment_status":"closed","ping_status":"closed","template":"","meta":{"footnotes":""},"class_list":["post-127","page","type-page","status-publish","hentry"],"yoast_head":"<!-- This site is optimized with the Yoast SEO plugin v24.1 - https:\/\/yoast.com\/wordpress\/plugins\/seo\/ -->\n<title>D\u00e9coquage - Cox 4 fun<\/title>\n<meta name=\"robots\" content=\"noindex, follow, max-snippet:-1, max-image-preview:large, max-video-preview:-1\" \/>\n<meta property=\"og:locale\" content=\"fr_FR\" \/>\n<meta property=\"og:type\" content=\"article\" \/>\n<meta property=\"og:title\" content=\"D\u00e9coquage - Cox 4 fun\" \/>\n<meta property=\"og:description\" content=\"Dans la th\u00e9orie, rien de plus simple que le d\u00e9coquage, on d\u00e9boulonne la coque, on se met \u00e0 quatre et on l\u00e8ve. Dans la pratique, c&rsquo;est une tout autre histoire. On commence par d\u00e9boulonner la coque voir couper les boulons rouill\u00e9s. Jusque l\u00e0, tout va bien. Apr\u00e8s, on se rend \u2026 Continue reading &rarr;\" \/>\n<meta property=\"og:url\" content=\"https:\/\/cox.pl84fun.eu\/?page_id=127\" \/>\n<meta property=\"og:site_name\" content=\"Cox 4 fun\" \/>\n<meta property=\"article:modified_time\" content=\"2013-04-06T18:43:54+00:00\" \/>\n<meta name=\"twitter:card\" content=\"summary_large_image\" \/>\n<meta name=\"twitter:label1\" content=\"Dur\u00e9e de lecture estim\u00e9e\" \/>\n\t<meta name=\"twitter:data1\" content=\"1 minute\" \/>\n<script type=\"application\/ld+json\" class=\"yoast-schema-graph\">{\"@context\":\"https:\/\/schema.org\",\"@graph\":[{\"@type\":\"WebPage\",\"@id\":\"https:\/\/cox.pl84fun.eu\/?page_id=127\",\"url\":\"https:\/\/cox.pl84fun.eu\/?page_id=127\",\"name\":\"D\u00e9coquage - Cox 4 fun\",\"isPartOf\":{\"@id\":\"https:\/\/cox.pl84fun.eu\/#website\"},\"datePublished\":\"2013-04-02T15:50:05+00:00\",\"dateModified\":\"2013-04-06T18:43:54+00:00\",\"breadcrumb\":{\"@id\":\"https:\/\/cox.pl84fun.eu\/?page_id=127#breadcrumb\"},\"inLanguage\":\"fr-FR\",\"potentialAction\":[{\"@type\":\"ReadAction\",\"target\":[\"https:\/\/cox.pl84fun.eu\/?page_id=127\"]}]},{\"@type\":\"BreadcrumbList\",\"@id\":\"https:\/\/cox.pl84fun.eu\/?page_id=127#breadcrumb\",\"itemListElement\":[{\"@type\":\"ListItem\",\"position\":1,\"name\":\"Accueil\",\"item\":\"https:\/\/cox.pl84fun.eu\/\"},{\"@type\":\"ListItem\",\"position\":2,\"name\":\"Restauration cox 1303L\",\"item\":\"https:\/\/cox.pl84fun.eu\/?page_id=27\"},{\"@type\":\"ListItem\",\"position\":3,\"name\":\"D\u00e9coquage\"}]},{\"@type\":\"WebSite\",\"@id\":\"https:\/\/cox.pl84fun.eu\/#website\",\"url\":\"https:\/\/cox.pl84fun.eu\/\",\"name\":\"Cox 4 fun\",\"description\":\"Un amour pour les cox depuis que j&#039;ai vu Choupette et son c\u00e9l\u00e8bre n\u00b053.\",\"potentialAction\":[{\"@type\":\"SearchAction\",\"target\":{\"@type\":\"EntryPoint\",\"urlTemplate\":\"https:\/\/cox.pl84fun.eu\/?s={search_term_string}\"},\"query-input\":{\"@type\":\"PropertyValueSpecification\",\"valueRequired\":true,\"valueName\":\"search_term_string\"}}],\"inLanguage\":\"fr-FR\"}]}<\/script>\n<!-- \/ Yoast SEO plugin. -->","yoast_head_json":{"title":"D\u00e9coquage - Cox 4 fun","robots":{"index":"noindex","follow":"follow","max-snippet":"max-snippet:-1","max-image-preview":"max-image-preview:large","max-video-preview":"max-video-preview:-1"},"og_locale":"fr_FR","og_type":"article","og_title":"D\u00e9coquage - Cox 4 fun","og_description":"Dans la th\u00e9orie, rien de plus simple que le d\u00e9coquage, on d\u00e9boulonne la coque, on se met \u00e0 quatre et on l\u00e8ve. Dans la pratique, c&rsquo;est une tout autre histoire. On commence par d\u00e9boulonner la coque voir couper les boulons rouill\u00e9s. Jusque l\u00e0, tout va bien. Apr\u00e8s, on se rend \u2026 Continue reading &rarr;","og_url":"https:\/\/cox.pl84fun.eu\/?page_id=127","og_site_name":"Cox 4 fun","article_modified_time":"2013-04-06T18:43:54+00:00","twitter_card":"summary_large_image","twitter_misc":{"Dur\u00e9e de lecture estim\u00e9e":"1 minute"},"schema":{"@context":"https:\/\/schema.org","@graph":[{"@type":"WebPage","@id":"https:\/\/cox.pl84fun.eu\/?page_id=127","url":"https:\/\/cox.pl84fun.eu\/?page_id=127","name":"D\u00e9coquage - Cox 4 fun","isPartOf":{"@id":"https:\/\/cox.pl84fun.eu\/#website"},"datePublished":"2013-04-02T15:50:05+00:00","dateModified":"2013-04-06T18:43:54+00:00","breadcrumb":{"@id":"https:\/\/cox.pl84fun.eu\/?page_id=127#breadcrumb"},"inLanguage":"fr-FR","potentialAction":[{"@type":"ReadAction","target":["https:\/\/cox.pl84fun.eu\/?page_id=127"]}]},{"@type":"BreadcrumbList","@id":"https:\/\/cox.pl84fun.eu\/?page_id=127#breadcrumb","itemListElement":[{"@type":"ListItem","position":1,"name":"Accueil","item":"https:\/\/cox.pl84fun.eu\/"},{"@type":"ListItem","position":2,"name":"Restauration cox 1303L","item":"https:\/\/cox.pl84fun.eu\/?page_id=27"},{"@type":"ListItem","position":3,"name":"D\u00e9coquage"}]},{"@type":"WebSite","@id":"https:\/\/cox.pl84fun.eu\/#website","url":"https:\/\/cox.pl84fun.eu\/","name":"Cox 4 fun","description":"Un amour pour les cox depuis que j&#039;ai vu Choupette et son c\u00e9l\u00e8bre n\u00b053.","potentialAction":[{"@type":"SearchAction","target":{"@type":"EntryPoint","urlTemplate":"https:\/\/cox.pl84fun.eu\/?s={search_term_string}"},"query-input":{"@type":"PropertyValueSpecification","valueRequired":true,"valueName":"search_term_string"}}],"inLanguage":"fr-FR"}]}},"_links":{"self":[{"href":"https:\/\/cox.pl84fun.eu\/index.php?rest_route=\/wp\/v2\/pages\/127","targetHints":{"allow":["GET"]}}],"collection":[{"href":"https:\/\/cox.pl84fun.eu\/index.php?rest_route=\/wp\/v2\/pages"}],"about":[{"href":"https:\/\/cox.pl84fun.eu\/index.php?rest_route=\/wp\/v2\/types\/page"}],"author":[{"embeddable":true,"href":"https:\/\/cox.pl84fun.eu\/index.php?rest_route=\/wp\/v2\/users\/1"}],"replies":[{"embeddable":true,"href":"https:\/\/cox.pl84fun.eu\/index.php?rest_route=%2Fwp%2Fv2%2Fcomments&post=127"}],"version-history":[{"count":0,"href":"https:\/\/cox.pl84fun.eu\/index.php?rest_route=\/wp\/v2\/pages\/127\/revisions"}],"up":[{"embeddable":true,"href":"https:\/\/cox.pl84fun.eu\/index.php?rest_route=\/wp\/v2\/pages\/27"}],"wp:attachment":[{"href":"https:\/\/cox.pl84fun.eu\/index.php?rest_route=%2Fwp%2Fv2%2Fmedia&parent=127"}],"curies":[{"name":"wp","href":"https:\/\/api.w.org\/{rel}","templated":true}]}}